{"id":6084,"date":"2019-03-12T07:34:27","date_gmt":"2019-03-12T06:34:27","guid":{"rendered":"http:\/\/leblogaroger.eu\/?page_id=6084"},"modified":"2025-01-10T07:01:53","modified_gmt":"2025-01-10T06:01:53","slug":"echelle-de-notation","status":"publish","type":"page","link":"https:\/\/leblogaroger.eu\/index.php\/echelle-de-notation\/","title":{"rendered":"Echelle de notation"},"content":{"rendered":"\n<p class=\"has-drop-cap wp-block-paragraph\">\u00c9mettre un score, une note ou une appr\u00e9ciation sur quelque chose est toujours tr\u00e8s compliqu\u00e9. Que cela soit dans la gastronomie, dans le patinage artistique, la musique ou le monde des spiritueux.<\/p>\n\n\n\n<p class=\"wp-block-paragraph\"><em>\u00ab\u00a0Pourquoi donnes tu 90 \u00e0 ce bielle alors que ce foursquare \u00e0 re\u00e7u aussi 90  &#8230; Pourquoi ce Skeldon n&rsquo;a que 87 \/100 \u00a0\u00bb <\/em>sont des questions qui peuvent \u00e9videmment se poser \u00e0 la lecture des diff\u00e9rentes notes de ce blog.<\/p>\n\n\n\n<p class=\"wp-block-paragraph\">Pour lancer un d\u00e9but de r\u00e9ponse, je vous propose ce texte pondu par mon copain Cyril de <a href=\"http:\/\/durhum.com\/\" target=\"_blank\" rel=\"noreferrer noopener\" aria-label=\"durhum (s\u2019ouvre dans un nouvel onglet)\">durhum<\/a>. <\/p>\n\n\n\n<p class=\"wp-block-paragraph\">Cela correspond tout \u00e0 fait \u00e0 ma vison, j&rsquo;ajouterai juste que l&rsquo;aspect financier entre en jeux pour moi aussi dans une note. <\/p>\n\n\n\n<h4 class=\"wp-block-heading\">Concernant l\u2019\u00e9chelle de notation <\/h4>\n\n\n\n<p class=\"wp-block-paragraph\">Donner une note \u00e0 un rhum, voil\u00e0 un d\u00e9bat qui fera toujours autant couler d\u2019encre. On peut se poser beaucoup de questions sur le sujet, \u00e0 commencer par l\u2019int\u00e9r\u00eat m\u00eame de mettre un score \u00e0 un rhum. <\/p>\n\n\n\n<p class=\"wp-block-paragraph\">Celui-ci peut-\u00eatre mal interpr\u00e9t\u00e9, et pire, servir de base d\u2019achat pour certaines personnes (ou d\u2019argument pour certaines marques ou commer\u00e7ants). <\/p>\n\n\n\n<p class=\"wp-block-paragraph\"><strong>Mais un score est, et restera, une appr\u00e9ciation personnelle d\u2019une d\u00e9gustation, une opinion faite par un individu, avec ses propres go\u00fbts et exp\u00e9riences, et dans des conditions qui lui sont propres ; il s\u2019agit aussi et surtout d\u2019une opinion justifi\u00e9e<\/strong>. <\/p>\n\n\n\n<p class=\"wp-block-paragraph\">En aucun cas, elle ne devra \u00eatre interpr\u00e9t\u00e9e comme un jugement.<\/p>\n\n\n\n<p class=\"wp-block-paragraph\">Un score est toujours justifi\u00e9 par une appr\u00e9ciation \u00e9crite (<em>plus ou moins longue<\/em>), et celui-ci ne mesure rien d\u2019autre qu\u2019une opinion <strong>propre <\/strong>\u00e0 celui qui l\u2019\u00e9crit. Merci d\u2019en tenir compte lors de votre visite, et de toujours vous faire votre propre opinion. <\/p>\n\n\n\n<p class=\"wp-block-paragraph\">J&rsquo;ajouterai qu&rsquo;une d\u00e9gustation se fait \u00e0 <strong>moment bien pr\u00e9cis<\/strong>, pr\u00e9c\u00e9d\u00e9 de toutes sortes d\u2019\u00e9v\u00e9nements qui peuvent entrer en jeu aussi. La lassitude d&rsquo;un produit, son prix, l\u2019environnement peuvent aussi biaiser la note.<\/p>\n\n\n\n<p class=\"wp-block-paragraph\">Quant \u00e0 l\u2019\u00e9chelle de valeur choisie (sur <strong>100 <\/strong>points), elle nous semble la plus appropri\u00e9e pour noter un rhum comparativement \u00e0 un autre : elle permet plus de nuances et une marge d\u2019erreur plus int\u00e9ressante qu\u2019un syst\u00e8me de note sur 5, d\u2019\u00e9toiles ou autres. <\/p>\n\n\n\n<hr class=\"wp-block-separator has-css-opacity\"\/>\n\n\n\n<p class=\"wp-block-paragraph\"><strong>90 et +<\/strong> : exceptionnel et unique, must have !<\/p>\n\n\n\n<p class=\"wp-block-paragraph\"><strong>85 &#8211; 89<\/strong> : recommand\u00e9.<\/p>\n\n\n\n<p class=\"wp-block-paragraph\"><strong>75-84<\/strong> : mouais, bof bof. Ce n&rsquo;est pas imbuvable non plus, mais je ne vous recommanderai pas d&rsquo;en trouver une bouteille&#8230;<\/p>\n\n\n\n<p class=\"wp-block-paragraph\"><strong>70-74<\/strong> : dans la moyenne basse, oubliez cette chose. <\/p>\n\n\n\n<p class=\"wp-block-paragraph\">moins de <strong>70 <\/strong>: pwaaaa, c&rsquo;est vraiment pas tr\u00e8s bon ce truc&#8230; <\/p>\n","protected":false},"excerpt":{"rendered":"<p>\u00c9mettre un score, une note ou une appr\u00e9ciation sur quelque chose est toujours tr\u00e8s compliqu\u00e9. Que cela soit dans la gastronomie, dans le patinage artistique, la musique ou le monde des spiritueux. \u00ab\u00a0Pourquoi donnes tu 90 \u00e0 ce bielle alors que ce foursquare \u00e0 re\u00e7u aussi 90 &#8230; Pourquoi ce <a href=\"https:\/\/leblogaroger.eu\/index.php\/echelle-de-notation\/\" class=\"btn btn-link continue-link\">Voir plus&#8230;<\/a><\/p>\n","protected":false},"author":1,"featured_media":2292,"parent":0,"menu_order":0,"comment_status":"closed","ping_status":"closed","template":"","meta":{"_crdt_document":"","footnotes":""},"class_list":["post-6084","page","type-page","status-publish","has-post-thumbnail","hentry"],"yoast_head":"<!-- This site is optimized with the Yoast SEO plugin v27.3 - https:\/\/yoast.com\/product\/yoast-seo-wordpress\/ -->\n<title>Echelle de notation -<\/title>\n<meta name=\"robots\" content=\"index, follow, max-snippet:-1, max-image-preview:large, max-video-preview:-1\" \/>\n<link rel=\"canonical\" href=\"https:\/\/leblogaroger.eu\/index.php\/echelle-de-notation\/\" \/>\n<meta property=\"og:locale\" content=\"fr_FR\" \/>\n<meta property=\"og:type\" content=\"article\" \/>\n<meta property=\"og:title\" content=\"Echelle de notation -\" \/>\n<meta property=\"og:description\" content=\"\u00c9mettre un score, une note ou une appr\u00e9ciation sur quelque chose est toujours tr\u00e8s compliqu\u00e9. Que cela soit dans la gastronomie, dans le patinage artistique, la musique ou le monde des spiritueux. \u00ab\u00a0Pourquoi donnes tu 90 \u00e0 ce bielle alors que ce foursquare \u00e0 re\u00e7u aussi 90 &#8230; Pourquoi ce Voir plus...\" \/>\n<meta property=\"og:url\" content=\"https:\/\/leblogaroger.eu\/index.php\/echelle-de-notation\/\" \/>\n<meta property=\"article:publisher\" content=\"https:\/\/www.facebook.com\/leblogaroger\/\" \/>\n<meta property=\"article:modified_time\" content=\"2025-01-10T06:01:53+00:00\" \/>\n<meta property=\"og:image\" content=\"https:\/\/leblogaroger.eu\/wp-content\/uploads\/2018\/07\/content.png\" \/>\n\t<meta property=\"og:image:width\" content=\"3625\" \/>\n\t<meta property=\"og:image:height\" content=\"2042\" \/>\n\t<meta property=\"og:image:type\" content=\"image\/png\" \/>\n<meta name=\"twitter:card\" content=\"summary_large_image\" \/>\n<meta name=\"twitter:label1\" content=\"Dur\u00e9e de lecture estim\u00e9e\" \/>\n\t<meta name=\"twitter:data1\" content=\"3 minutes\" \/>\n<script type=\"application\/ld+json\" class=\"yoast-schema-graph\">{\"@context\":\"https:\\\/\\\/schema.org\",\"@graph\":[{\"@type\":\"WebPage\",\"@id\":\"https:\\\/\\\/leblogaroger.eu\\\/index.php\\\/echelle-de-notation\\\/\",\"url\":\"https:\\\/\\\/leblogaroger.eu\\\/index.php\\\/echelle-de-notation\\\/\",\"name\":\"Echelle de notation -\",\"isPartOf\":{\"@id\":\"https:\\\/\\\/leblogaroger.eu\\\/#website\"},\"primaryImageOfPage\":{\"@id\":\"https:\\\/\\\/leblogaroger.eu\\\/index.php\\\/echelle-de-notation\\\/#primaryimage\"},\"image\":{\"@id\":\"https:\\\/\\\/leblogaroger.eu\\\/index.php\\\/echelle-de-notation\\\/#primaryimage\"},\"thumbnailUrl\":\"https:\\\/\\\/leblogaroger.eu\\\/wp-content\\\/uploads\\\/2018\\\/07\\\/content.png\",\"datePublished\":\"2019-03-12T06:34:27+00:00\",\"dateModified\":\"2025-01-10T06:01:53+00:00\",\"breadcrumb\":{\"@id\":\"https:\\\/\\\/leblogaroger.eu\\\/index.php\\\/echelle-de-notation\\\/#breadcrumb\"},\"inLanguage\":\"fr-FR\",\"potentialAction\":[{\"@type\":\"ReadAction\",\"target\":[\"https:\\\/\\\/leblogaroger.eu\\\/index.php\\\/echelle-de-notation\\\/\"]}]},{\"@type\":\"ImageObject\",\"inLanguage\":\"fr-FR\",\"@id\":\"https:\\\/\\\/leblogaroger.eu\\\/index.php\\\/echelle-de-notation\\\/#primaryimage\",\"url\":\"https:\\\/\\\/leblogaroger.eu\\\/wp-content\\\/uploads\\\/2018\\\/07\\\/content.png\",\"contentUrl\":\"https:\\\/\\\/leblogaroger.eu\\\/wp-content\\\/uploads\\\/2018\\\/07\\\/content.png\",\"width\":3625,\"height\":2042},{\"@type\":\"BreadcrumbList\",\"@id\":\"https:\\\/\\\/leblogaroger.eu\\\/index.php\\\/echelle-de-notation\\\/#breadcrumb\",\"itemListElement\":[{\"@type\":\"ListItem\",\"position\":1,\"name\":\"Home\",\"item\":\"https:\\\/\\\/leblogaroger.eu\\\/\"},{\"@type\":\"ListItem\",\"position\":2,\"name\":\"Echelle de notation\"}]},{\"@type\":\"WebSite\",\"@id\":\"https:\\\/\\\/leblogaroger.eu\\\/#website\",\"url\":\"https:\\\/\\\/leblogaroger.eu\\\/\",\"name\":\"\",\"description\":\"Mundi placet et spiritus minima...\",\"potentialAction\":[{\"@type\":\"SearchAction\",\"target\":{\"@type\":\"EntryPoint\",\"urlTemplate\":\"https:\\\/\\\/leblogaroger.eu\\\/?s={search_term_string}\"},\"query-input\":{\"@type\":\"PropertyValueSpecification\",\"valueRequired\":true,\"valueName\":\"search_term_string\"}}],\"inLanguage\":\"fr-FR\"}]}<\/script>\n<!-- \/ Yoast SEO plugin. -->","yoast_head_json":{"title":"Echelle de notation -","robots":{"index":"index","follow":"follow","max-snippet":"max-snippet:-1","max-image-preview":"max-image-preview:large","max-video-preview":"max-video-preview:-1"},"canonical":"https:\/\/leblogaroger.eu\/index.php\/echelle-de-notation\/","og_locale":"fr_FR","og_type":"article","og_title":"Echelle de notation -","og_description":"\u00c9mettre un score, une note ou une appr\u00e9ciation sur quelque chose est toujours tr\u00e8s compliqu\u00e9. Que cela soit dans la gastronomie, dans le patinage artistique, la musique ou le monde des spiritueux. \u00ab\u00a0Pourquoi donnes tu 90 \u00e0 ce bielle alors que ce foursquare \u00e0 re\u00e7u aussi 90 &#8230; Pourquoi ce Voir plus...","og_url":"https:\/\/leblogaroger.eu\/index.php\/echelle-de-notation\/","article_publisher":"https:\/\/www.facebook.com\/leblogaroger\/","article_modified_time":"2025-01-10T06:01:53+00:00","og_image":[{"width":3625,"height":2042,"url":"https:\/\/leblogaroger.eu\/wp-content\/uploads\/2018\/07\/content.png","type":"image\/png"}],"twitter_card":"summary_large_image","twitter_misc":{"Dur\u00e9e de lecture estim\u00e9e":"3 minutes"},"schema":{"@context":"https:\/\/schema.org","@graph":[{"@type":"WebPage","@id":"https:\/\/leblogaroger.eu\/index.php\/echelle-de-notation\/","url":"https:\/\/leblogaroger.eu\/index.php\/echelle-de-notation\/","name":"Echelle de notation -","isPartOf":{"@id":"https:\/\/leblogaroger.eu\/#website"},"primaryImageOfPage":{"@id":"https:\/\/leblogaroger.eu\/index.php\/echelle-de-notation\/#primaryimage"},"image":{"@id":"https:\/\/leblogaroger.eu\/index.php\/echelle-de-notation\/#primaryimage"},"thumbnailUrl":"https:\/\/leblogaroger.eu\/wp-content\/uploads\/2018\/07\/content.png","datePublished":"2019-03-12T06:34:27+00:00","dateModified":"2025-01-10T06:01:53+00:00","breadcrumb":{"@id":"https:\/\/leblogaroger.eu\/index.php\/echelle-de-notation\/#breadcrumb"},"inLanguage":"fr-FR","potentialAction":[{"@type":"ReadAction","target":["https:\/\/leblogaroger.eu\/index.php\/echelle-de-notation\/"]}]},{"@type":"ImageObject","inLanguage":"fr-FR","@id":"https:\/\/leblogaroger.eu\/index.php\/echelle-de-notation\/#primaryimage","url":"https:\/\/leblogaroger.eu\/wp-content\/uploads\/2018\/07\/content.png","contentUrl":"https:\/\/leblogaroger.eu\/wp-content\/uploads\/2018\/07\/content.png","width":3625,"height":2042},{"@type":"BreadcrumbList","@id":"https:\/\/leblogaroger.eu\/index.php\/echelle-de-notation\/#breadcrumb","itemListElement":[{"@type":"ListItem","position":1,"name":"Home","item":"https:\/\/leblogaroger.eu\/"},{"@type":"ListItem","position":2,"name":"Echelle de notation"}]},{"@type":"WebSite","@id":"https:\/\/leblogaroger.eu\/#website","url":"https:\/\/leblogaroger.eu\/","name":"","description":"Mundi placet et spiritus minima...","potentialAction":[{"@type":"SearchAction","target":{"@type":"EntryPoint","urlTemplate":"https:\/\/leblogaroger.eu\/?s={search_term_string}"},"query-input":{"@type":"PropertyValueSpecification","valueRequired":true,"valueName":"search_term_string"}}],"inLanguage":"fr-FR"}]}},"_links":{"self":[{"href":"https:\/\/leblogaroger.eu\/index.php\/wp-json\/wp\/v2\/pages\/6084","targetHints":{"allow":["GET"]}}],"collection":[{"href":"https:\/\/leblogaroger.eu\/index.php\/wp-json\/wp\/v2\/pages"}],"about":[{"href":"https:\/\/leblogaroger.eu\/index.php\/wp-json\/wp\/v2\/types\/page"}],"author":[{"embeddable":true,"href":"https:\/\/leblogaroger.eu\/index.php\/wp-json\/wp\/v2\/users\/1"}],"replies":[{"embeddable":true,"href":"https:\/\/leblogaroger.eu\/index.php\/wp-json\/wp\/v2\/comments?post=6084"}],"version-history":[{"count":15,"href":"https:\/\/leblogaroger.eu\/index.php\/wp-json\/wp\/v2\/pages\/6084\/revisions"}],"predecessor-version":[{"id":22658,"href":"https:\/\/leblogaroger.eu\/index.php\/wp-json\/wp\/v2\/pages\/6084\/revisions\/22658"}],"wp:featuredmedia":[{"embeddable":true,"href":"https:\/\/leblogaroger.eu\/index.php\/wp-json\/wp\/v2\/media\/2292"}],"wp:attachment":[{"href":"https:\/\/leblogaroger.eu\/index.php\/wp-json\/wp\/v2\/media?parent=6084"}],"curies":[{"name":"wp","href":"https:\/\/api.w.org\/{rel}","templated":true}]}}