{"id":4700,"date":"2019-01-02T11:14:15","date_gmt":"2019-01-02T10:14:15","guid":{"rendered":"http:\/\/leblogaroger.eu\/?page_id=4700"},"modified":"2023-10-04T17:54:46","modified_gmt":"2023-10-04T15:54:46","slug":"carnets","status":"publish","type":"page","link":"https:\/\/leblogaroger.eu\/index.php\/carnets\/","title":{"rendered":"Carnets"},"content":{"rendered":"\n<p class=\"wp-block-paragraph\">Liste de pens\u00e9es, visites, \u00e9v\u00e8nements et diverses babioles&#8230;<\/p>\n\n\n\n<p class=\"wp-block-paragraph\">  <ul class=\"lcp_catlist\" id=\"lcp_instance_0\"><li><a href=\"https:\/\/leblogaroger.eu\/index.php\/2022\/12\/04\/3-fonteinen\/\">3 Fonteinen<\/a>  4 d\u00e9cembre 2022<\/li><li><a href=\"https:\/\/leblogaroger.eu\/index.php\/2023\/10\/22\/a-journey-with-bristol-and-crhum-corman-collins\/\">A journey with Bristol and C&rsquo;Rhum\/Corman-Collins<\/a>  22 octobre 2023<\/li><li><a href=\"https:\/\/leblogaroger.eu\/index.php\/2025\/06\/17\/back-to-saintes\/\">Back To Saintes<\/a>  17 juin 2025<\/li><li><a href=\"https:\/\/leblogaroger.eu\/index.php\/2020\/02\/24\/bollocks-live-2020\/\">Bollock&rsquo;s Live 2020<\/a>  24 f\u00e9vrier 2020<\/li><li><a href=\"https:\/\/leblogaroger.eu\/index.php\/2020\/12\/08\/caroni-1997-2020\/\">Caroni 1997-2020<\/a>  8 d\u00e9cembre 2020<\/li><li><a href=\"https:\/\/leblogaroger.eu\/index.php\/2019\/04\/17\/caroni-ceremony\/\">Caroni Ceremony<\/a>  17 avril 2019<\/li><li><a href=\"https:\/\/leblogaroger.eu\/index.php\/2019\/03\/08\/comprendre-savanna\/\">Comprendre Savanna<\/a>  8 mars 2019<\/li><li><a href=\"https:\/\/leblogaroger.eu\/index.php\/2018\/12\/11\/coter-du-jus\/\">Coter du jus.<\/a>  11 d\u00e9cembre 2018<\/li><li><a href=\"https:\/\/leblogaroger.eu\/index.php\/2020\/10\/06\/ea-scheer-2\/\">E&#038;A Scheer<\/a>  6 octobre 2020<\/li><li><a href=\"https:\/\/leblogaroger.eu\/index.php\/2018\/11\/16\/faire-sa-biere\/\">Faire sa bi\u00e8re&#8230;<\/a>  16 novembre 2018<\/li><li><a href=\"https:\/\/leblogaroger.eu\/index.php\/2017\/04\/27\/la-favorite-confrerie\/\">La Favorite 1995<\/a>  27 avril 2017<\/li><li><a href=\"https:\/\/leblogaroger.eu\/index.php\/2019\/11\/13\/la-reduction\/\">La r\u00e9duction<\/a>  13 novembre 2019<\/li><li><a href=\"https:\/\/leblogaroger.eu\/index.php\/2018\/09\/26\/le-buzz-caroni\/\">Le buzz Caroni<\/a>  26 septembre 2018<\/li><li><a href=\"https:\/\/leblogaroger.eu\/index.php\/2017\/07\/11\/le-culte-de-la-bouteille-noire\/\">Le culte de la bouteille noire&#8230;.<\/a>  11 juillet 2017<\/li><li><a href=\"https:\/\/leblogaroger.eu\/index.php\/2018\/05\/23\/les-cavistes-2-0\/\">Les cavistes 2.0<\/a>  23 mai 2018<\/li><li><a href=\"https:\/\/leblogaroger.eu\/index.php\/2025\/06\/22\/live-in-gascogne\/\">Live In Gascogne<\/a>  22 juin 2025<\/li><li><a href=\"https:\/\/leblogaroger.eu\/index.php\/2026\/02\/07\/live-in-gascogne-part-ii\/\">Live In Gascogne Part II<\/a>  7 f\u00e9vrier 2026<\/li><li><a href=\"https:\/\/leblogaroger.eu\/index.php\/2025\/09\/30\/live-in-paris\/\">Live In Paris<\/a>  30 septembre 2025<\/li><li><a href=\"https:\/\/leblogaroger.eu\/index.php\/2024\/05\/09\/live-in-the-uk\/\">Live In The Uk<\/a>  9 mai 2024<\/li><li><a href=\"https:\/\/leblogaroger.eu\/index.php\/2023\/04\/16\/longueteau\/\">Longueteau<\/a>  16 avril 2023<\/li><li><a href=\"https:\/\/leblogaroger.eu\/index.php\/2022\/02\/20\/malternative-la-boutique\/\">Malternative, La Boutique&#8230;<\/a>  20 f\u00e9vrier 2022<\/li><li><a href=\"https:\/\/leblogaroger.eu\/index.php\/2019\/07\/10\/martinique-rhum-awards\/\">Martinique Rhum Awards<\/a>  10 juillet 2019<\/li><li><a href=\"https:\/\/leblogaroger.eu\/index.php\/2019\/05\/09\/master-class-bert-bruyneel\/\">Master Class Bert Bruyneel<\/a>  9 mai 2019<\/li><li><a href=\"https:\/\/leblogaroger.eu\/index.php\/2023\/08\/11\/plantation\/\">Plantation<\/a>  11 ao\u00fbt 2023<\/li><li><a href=\"https:\/\/leblogaroger.eu\/index.php\/2022\/03\/24\/plantation-bajan-tour-2022-part-i\/\">Plantation Bajan Tour 2022 part I<\/a>  24 mars 2022<\/li><li><a href=\"https:\/\/leblogaroger.eu\/index.php\/2022\/04\/10\/plantation-bajan-tour-2022-part-ii\/\">Plantation Bajan Tour 2022 part II\u00a0<\/a>  10 avril 2022<\/li><li><a href=\"https:\/\/leblogaroger.eu\/index.php\/2019\/12\/19\/retrospective-2019\/\">R\u00e9trospective 2019<\/a>  19 d\u00e9cembre 2019<\/li><li><a href=\"https:\/\/leblogaroger.eu\/index.php\/2018\/04\/12\/roger-en-martinique\/\">Roger en Martinique<\/a>  12 avril 2018<\/li><li><a href=\"https:\/\/leblogaroger.eu\/index.php\/2017\/10\/08\/salon-de-spa-2017\/\">Salon du rhum de spa 2017<\/a>  8 octobre 2017<\/li><li><a href=\"https:\/\/leblogaroger.eu\/index.php\/2022\/10\/11\/salon-du-rhum-2022\/\">Salon du rhum 2022<\/a>  11 octobre 2022<\/li><li><a href=\"https:\/\/leblogaroger.eu\/index.php\/2018\/01\/15\/samplemystere\/\">Le sample Myst\u00e8re<\/a>  15 janvier 2018<\/li><li><a href=\"https:\/\/leblogaroger.eu\/index.php\/2019\/09\/22\/some-kind-of-secrets-distilleries\/\">Some Kind Of Secrets Distilleries<\/a>  22 septembre 2019<\/li><li><a href=\"https:\/\/leblogaroger.eu\/index.php\/2025\/02\/07\/the-end-ov-ze-bulle\/\">The end ov ze bulle ?<\/a>  7 f\u00e9vrier 2025<\/li><li><a href=\"https:\/\/leblogaroger.eu\/index.php\/2020\/05\/25\/vieillissement-maison\/\">Vieillissement maison ?<\/a>  25 mai 2020<\/li><li><a href=\"https:\/\/leblogaroger.eu\/index.php\/2017\/10\/01\/whisky-live-2017\/\">Whisky Live 2017<\/a>  1 octobre 2017<\/li><li><a href=\"https:\/\/leblogaroger.eu\/index.php\/2019\/10\/07\/whisky-live-2019\/\">Whisky Live 2019<\/a>  7 octobre 2019<\/li><li><a href=\"https:\/\/leblogaroger.eu\/index.php\/2024\/10\/01\/whisky-live-2024\/\">Whisky Live 2024<\/a>  1 octobre 2024<\/li><\/ul>  <\/p>\n\n\n\n<p class=\"wp-block-paragraph\"><strong><a href=\"http:\/\/leblogaroger.eu\/index.php\/category\/reportage\/\">&#8230;<\/a><\/strong><\/p>\n","protected":false},"excerpt":{"rendered":"<p>Liste de pens\u00e9es, visites, \u00e9v\u00e8nements et diverses babioles&#8230; &#8230;<\/p>\n","protected":false},"author":1,"featured_media":19053,"parent":0,"menu_order":0,"comment_status":"closed","ping_status":"closed","template":"","meta":{"_crdt_document":"","footnotes":""},"class_list":["post-4700","page","type-page","status-publish","has-post-thumbnail","hentry"],"yoast_head":"<!-- This site is optimized with the Yoast SEO plugin v27.3 - https:\/\/yoast.com\/product\/yoast-seo-wordpress\/ -->\n<title>Carnets -<\/title>\n<meta name=\"robots\" content=\"index, follow, max-snippet:-1, max-image-preview:large, max-video-preview:-1\" \/>\n<link rel=\"canonical\" href=\"https:\/\/leblogaroger.eu\/index.php\/carnets\/\" \/>\n<meta property=\"og:locale\" content=\"fr_FR\" \/>\n<meta property=\"og:type\" content=\"article\" \/>\n<meta property=\"og:title\" content=\"Carnets -\" \/>\n<meta property=\"og:description\" content=\"Liste de pens\u00e9es, visites, \u00e9v\u00e8nements et diverses babioles&#8230; &#8230;\" \/>\n<meta property=\"og:url\" content=\"https:\/\/leblogaroger.eu\/index.php\/carnets\/\" \/>\n<meta property=\"article:publisher\" content=\"https:\/\/www.facebook.com\/leblogaroger\/\" \/>\n<meta property=\"article:modified_time\" content=\"2023-10-04T15:54:46+00:00\" \/>\n<meta property=\"og:image\" content=\"https:\/\/leblogaroger.eu\/wp-content\/uploads\/2023\/10\/carn-960x541.png\" \/>\n\t<meta property=\"og:image:width\" content=\"960\" \/>\n\t<meta property=\"og:image:height\" content=\"541\" \/>\n\t<meta property=\"og:image:type\" content=\"image\/png\" \/>\n<meta name=\"twitter:card\" content=\"summary_large_image\" \/>\n<meta name=\"twitter:label1\" content=\"Dur\u00e9e de lecture estim\u00e9e\" \/>\n\t<meta name=\"twitter:data1\" content=\"1 minute\" \/>\n<script type=\"application\/ld+json\" class=\"yoast-schema-graph\">{\"@context\":\"https:\\\/\\\/schema.org\",\"@graph\":[{\"@type\":\"WebPage\",\"@id\":\"https:\\\/\\\/leblogaroger.eu\\\/index.php\\\/carnets\\\/\",\"url\":\"https:\\\/\\\/leblogaroger.eu\\\/index.php\\\/carnets\\\/\",\"name\":\"Carnets -\",\"isPartOf\":{\"@id\":\"https:\\\/\\\/leblogaroger.eu\\\/#website\"},\"primaryImageOfPage\":{\"@id\":\"https:\\\/\\\/leblogaroger.eu\\\/index.php\\\/carnets\\\/#primaryimage\"},\"image\":{\"@id\":\"https:\\\/\\\/leblogaroger.eu\\\/index.php\\\/carnets\\\/#primaryimage\"},\"thumbnailUrl\":\"https:\\\/\\\/leblogaroger.eu\\\/wp-content\\\/uploads\\\/2023\\\/10\\\/carn.png\",\"datePublished\":\"2019-01-02T10:14:15+00:00\",\"dateModified\":\"2023-10-04T15:54:46+00:00\",\"breadcrumb\":{\"@id\":\"https:\\\/\\\/leblogaroger.eu\\\/index.php\\\/carnets\\\/#breadcrumb\"},\"inLanguage\":\"fr-FR\",\"potentialAction\":[{\"@type\":\"ReadAction\",\"target\":[\"https:\\\/\\\/leblogaroger.eu\\\/index.php\\\/carnets\\\/\"]}]},{\"@type\":\"ImageObject\",\"inLanguage\":\"fr-FR\",\"@id\":\"https:\\\/\\\/leblogaroger.eu\\\/index.php\\\/carnets\\\/#primaryimage\",\"url\":\"https:\\\/\\\/leblogaroger.eu\\\/wp-content\\\/uploads\\\/2023\\\/10\\\/carn.png\",\"contentUrl\":\"https:\\\/\\\/leblogaroger.eu\\\/wp-content\\\/uploads\\\/2023\\\/10\\\/carn.png\",\"width\":3625,\"height\":2042},{\"@type\":\"BreadcrumbList\",\"@id\":\"https:\\\/\\\/leblogaroger.eu\\\/index.php\\\/carnets\\\/#breadcrumb\",\"itemListElement\":[{\"@type\":\"ListItem\",\"position\":1,\"name\":\"Home\",\"item\":\"https:\\\/\\\/leblogaroger.eu\\\/\"},{\"@type\":\"ListItem\",\"position\":2,\"name\":\"Carnets\"}]},{\"@type\":\"WebSite\",\"@id\":\"https:\\\/\\\/leblogaroger.eu\\\/#website\",\"url\":\"https:\\\/\\\/leblogaroger.eu\\\/\",\"name\":\"\",\"description\":\"Mundi placet et spiritus minima...\",\"potentialAction\":[{\"@type\":\"SearchAction\",\"target\":{\"@type\":\"EntryPoint\",\"urlTemplate\":\"https:\\\/\\\/leblogaroger.eu\\\/?s={search_term_string}\"},\"query-input\":{\"@type\":\"PropertyValueSpecification\",\"valueRequired\":true,\"valueName\":\"search_term_string\"}}],\"inLanguage\":\"fr-FR\"}]}<\/script>\n<!-- \/ Yoast SEO plugin. -->","yoast_head_json":{"title":"Carnets -","robots":{"index":"index","follow":"follow","max-snippet":"max-snippet:-1","max-image-preview":"max-image-preview:large","max-video-preview":"max-video-preview:-1"},"canonical":"https:\/\/leblogaroger.eu\/index.php\/carnets\/","og_locale":"fr_FR","og_type":"article","og_title":"Carnets -","og_description":"Liste de pens\u00e9es, visites, \u00e9v\u00e8nements et diverses babioles&#8230; &#8230;","og_url":"https:\/\/leblogaroger.eu\/index.php\/carnets\/","article_publisher":"https:\/\/www.facebook.com\/leblogaroger\/","article_modified_time":"2023-10-04T15:54:46+00:00","og_image":[{"width":960,"height":541,"url":"https:\/\/leblogaroger.eu\/wp-content\/uploads\/2023\/10\/carn-960x541.png","type":"image\/png"}],"twitter_card":"summary_large_image","twitter_misc":{"Dur\u00e9e de lecture estim\u00e9e":"1 minute"},"schema":{"@context":"https:\/\/schema.org","@graph":[{"@type":"WebPage","@id":"https:\/\/leblogaroger.eu\/index.php\/carnets\/","url":"https:\/\/leblogaroger.eu\/index.php\/carnets\/","name":"Carnets -","isPartOf":{"@id":"https:\/\/leblogaroger.eu\/#website"},"primaryImageOfPage":{"@id":"https:\/\/leblogaroger.eu\/index.php\/carnets\/#primaryimage"},"image":{"@id":"https:\/\/leblogaroger.eu\/index.php\/carnets\/#primaryimage"},"thumbnailUrl":"https:\/\/leblogaroger.eu\/wp-content\/uploads\/2023\/10\/carn.png","datePublished":"2019-01-02T10:14:15+00:00","dateModified":"2023-10-04T15:54:46+00:00","breadcrumb":{"@id":"https:\/\/leblogaroger.eu\/index.php\/carnets\/#breadcrumb"},"inLanguage":"fr-FR","potentialAction":[{"@type":"ReadAction","target":["https:\/\/leblogaroger.eu\/index.php\/carnets\/"]}]},{"@type":"ImageObject","inLanguage":"fr-FR","@id":"https:\/\/leblogaroger.eu\/index.php\/carnets\/#primaryimage","url":"https:\/\/leblogaroger.eu\/wp-content\/uploads\/2023\/10\/carn.png","contentUrl":"https:\/\/leblogaroger.eu\/wp-content\/uploads\/2023\/10\/carn.png","width":3625,"height":2042},{"@type":"BreadcrumbList","@id":"https:\/\/leblogaroger.eu\/index.php\/carnets\/#breadcrumb","itemListElement":[{"@type":"ListItem","position":1,"name":"Home","item":"https:\/\/leblogaroger.eu\/"},{"@type":"ListItem","position":2,"name":"Carnets"}]},{"@type":"WebSite","@id":"https:\/\/leblogaroger.eu\/#website","url":"https:\/\/leblogaroger.eu\/","name":"","description":"Mundi placet et spiritus minima...","potentialAction":[{"@type":"SearchAction","target":{"@type":"EntryPoint","urlTemplate":"https:\/\/leblogaroger.eu\/?s={search_term_string}"},"query-input":{"@type":"PropertyValueSpecification","valueRequired":true,"valueName":"search_term_string"}}],"inLanguage":"fr-FR"}]}},"_links":{"self":[{"href":"https:\/\/leblogaroger.eu\/index.php\/wp-json\/wp\/v2\/pages\/4700","targetHints":{"allow":["GET"]}}],"collection":[{"href":"https:\/\/leblogaroger.eu\/index.php\/wp-json\/wp\/v2\/pages"}],"about":[{"href":"https:\/\/leblogaroger.eu\/index.php\/wp-json\/wp\/v2\/types\/page"}],"author":[{"embeddable":true,"href":"https:\/\/leblogaroger.eu\/index.php\/wp-json\/wp\/v2\/users\/1"}],"replies":[{"embeddable":true,"href":"https:\/\/leblogaroger.eu\/index.php\/wp-json\/wp\/v2\/comments?post=4700"}],"version-history":[{"count":13,"href":"https:\/\/leblogaroger.eu\/index.php\/wp-json\/wp\/v2\/pages\/4700\/revisions"}],"predecessor-version":[{"id":19056,"href":"https:\/\/leblogaroger.eu\/index.php\/wp-json\/wp\/v2\/pages\/4700\/revisions\/19056"}],"wp:featuredmedia":[{"embeddable":true,"href":"https:\/\/leblogaroger.eu\/index.php\/wp-json\/wp\/v2\/media\/19053"}],"wp:attachment":[{"href":"https:\/\/leblogaroger.eu\/index.php\/wp-json\/wp\/v2\/media?parent=4700"}],"curies":[{"name":"wp","href":"https:\/\/api.w.org\/{rel}","templated":true}]}}