{"id":4696,"date":"2019-01-02T11:14:29","date_gmt":"2019-01-02T10:14:29","guid":{"rendered":"http:\/\/leblogaroger.eu\/?page_id=4696"},"modified":"2023-10-04T17:47:44","modified_gmt":"2023-10-04T15:47:44","slug":"les-armagnacs","status":"publish","type":"page","link":"https:\/\/leblogaroger.eu\/index.php\/les-armagnacs\/","title":{"rendered":"Les Brandy"},"content":{"rendered":"\n<p class=\"wp-block-paragraph\">Parce que le jus de raisin, c&rsquo;est clairement la vie aussi non ?<\/p>\n\n\n\n<div class=\"wp-block-columns is-layout-flex wp-container-core-columns-is-layout-8f761849 wp-block-columns-is-layout-flex\">\n<div class=\"wp-block-column is-layout-flow wp-block-column-is-layout-flow\">\n<h2 class=\"wp-block-heading\">Armagnacs<\/h2>\n<\/div>\n\n\n\n<div class=\"wp-block-column is-layout-flow wp-block-column-is-layout-flow\">\n<h2 class=\"wp-block-heading\">Cognacs<\/h2>\n<\/div>\n<\/div>\n\n\n\n<div class=\"wp-block-columns is-layout-flex wp-container-core-columns-is-layout-8f761849 wp-block-columns-is-layout-flex\">\n<div class=\"wp-block-column is-layout-flow wp-block-column-is-layout-flow\"><ul class=\"lcp_catlist\" id=\"lcp_instance_0\"><li><a href=\"https:\/\/leblogaroger.eu\/index.php\/2024\/12\/20\/amateur-spirit-4-sabine-dulhoste-1984\/\">Amateur Spirit # 4 -Sabine Dulhoste 1984<\/a>  20 d\u00e9cembre 2024<\/li><li><a href=\"https:\/\/leblogaroger.eu\/index.php\/2024\/12\/22\/an-evening-with-lheraud-armagnac-de\/\">An evening with Lh\u00e9raud &amp; Armagnac.de<\/a>  22 d\u00e9cembre 2024<\/li><li><a href=\"https:\/\/leblogaroger.eu\/index.php\/2024\/03\/08\/castarede-1986\/\">Castar\u00e8de 1986<\/a>  8 mars 2024<\/li><li><a href=\"https:\/\/leblogaroger.eu\/index.php\/2026\/01\/18\/chateau-de-gaube-1963-2025\/\">Ch\u00e2teau de Gaube 1963\/2025<\/a>  18 janvier 2026<\/li><li><a href=\"https:\/\/leblogaroger.eu\/index.php\/2025\/08\/08\/chateau-de-laubade-2001-90\/\">Ch\u00e2teau de Laubade 2001 #90<\/a>  8 ao\u00fbt 2025<\/li><li><a href=\"https:\/\/leblogaroger.eu\/index.php\/2026\/01\/22\/dartigalongue-1976-2026-fest-armagnac\/\">Dartigalongue 1976\/2026 &#8211; Fest&rsquo; Armagnac<\/a>  22 janvier 2026<\/li><li><a href=\"https:\/\/leblogaroger.eu\/index.php\/2018\/10\/18\/del-cassou-1994-ledaig\/\">Del Cassou 1994 ledaig<\/a>  18 octobre 2018<\/li><li><a href=\"https:\/\/leblogaroger.eu\/index.php\/2026\/03\/08\/domaine-aurensan-armagnac-les-10\/\">Domaine d&rsquo;Aurensan &#8211; Armagnac \u00ab\u00a0Les 10\u00a0\u00bb\u00a0<\/a>  8 mars 2026<\/li><li><a href=\"https:\/\/leblogaroger.eu\/index.php\/2025\/11\/16\/domaine-de-baraillon-1918-2020\/\">Domaine de Baraillon 1918-2020<\/a>  16 novembre 2025<\/li><li><a href=\"https:\/\/leblogaroger.eu\/index.php\/2024\/03\/29\/domaine-de-danis\/\">Domaine de Danis<\/a>  29 mars 2024<\/li><li><a href=\"https:\/\/leblogaroger.eu\/index.php\/2025\/12\/28\/domaine-de-danis-1985-40-armagnac-de\/\">Domaine de Danis 1985 #40 &#8211; Armagnac.de<\/a>  28 d\u00e9cembre 2025<\/li><li><a href=\"https:\/\/leblogaroger.eu\/index.php\/2023\/12\/09\/domaine-de-pouteou-2004\/\">Domaine de Pout\u00ebou 2004<\/a>  9 d\u00e9cembre 2023<\/li><li><a href=\"https:\/\/leblogaroger.eu\/index.php\/2024\/04\/06\/domaine-pouy-1998\/\">Domaine Pouy 1998<\/a>  6 avril 2024<\/li><li><a href=\"https:\/\/leblogaroger.eu\/index.php\/2025\/05\/14\/domaine-seailles-1986-4\/\">Domaine S\u00e9ailles 1986 #4<\/a>  14 mai 2025<\/li><li><a href=\"https:\/\/leblogaroger.eu\/index.php\/2017\/10\/04\/encantada-1994\/\">L&rsquo;Encantada 25 ans<\/a>  4 octobre 2017<\/li><li><a href=\"https:\/\/leblogaroger.eu\/index.php\/2023\/11\/01\/fontan-1996\/\">Fontan 1996<\/a>  1 novembre 2023<\/li><li><a href=\"https:\/\/leblogaroger.eu\/index.php\/2022\/02\/17\/grape-of-the-art\/\">Grape Of The Art<\/a>  17 f\u00e9vrier 2022<\/li><li><a href=\"https:\/\/leblogaroger.eu\/index.php\/2025\/01\/30\/grape-of-the-art-charron-2004\/\">Grape Of The Art \u2013 Charron 2004<\/a>  30 janvier 2025<\/li><li><a href=\"https:\/\/leblogaroger.eu\/index.php\/2025\/03\/29\/grape-of-the-art-hontambere-1997\/\">Grape Of The Art &#8211; Hontamb\u00e8re 1997<\/a>  29 mars 2025<\/li><li><a href=\"https:\/\/leblogaroger.eu\/index.php\/2026\/02\/15\/grape-of-the-art-lrv-2001\/\">Grape Of The Art &#8211; LRV 2001<\/a>  15 f\u00e9vrier 2026<\/li><li><a href=\"https:\/\/leblogaroger.eu\/index.php\/2025\/06\/07\/grape-of-the-art-marquestau-1998\/\">Grape Of The Art &#8211; Marquestau 1998<\/a>  7 juin 2025<\/li><li><a href=\"https:\/\/leblogaroger.eu\/index.php\/2024\/11\/28\/grape-of-the-art-pellehaut-1988\/\">Grape Of The Art &#8211; Pellehaut 1988<\/a>  28 novembre 2024<\/li><li><a href=\"https:\/\/leblogaroger.eu\/index.php\/2025\/05\/24\/hontambere-1980\/\">Hontamb\u00e8re 1980<\/a>  24 mai 2025<\/li><li><a href=\"https:\/\/leblogaroger.eu\/index.php\/2025\/07\/10\/hontambere-1988-2025-poh-spirits\/\">Hontamb\u00e8re 1988\/2025 &#8211; POH! Spirits<\/a>  10 juillet 2025<\/li><li><a href=\"https:\/\/leblogaroger.eu\/index.php\/2025\/09\/07\/hontambere-1995-2025\/\">Hontamb\u00e8re 1995-2025<\/a>  7 septembre 2025<\/li><li><a href=\"https:\/\/leblogaroger.eu\/index.php\/2026\/04\/01\/hontambere-1998-2025\/\">Hontamb\u00e8re 1998\/2026<\/a>  1 avril 2026<\/li><li><a href=\"https:\/\/leblogaroger.eu\/index.php\/2025\/11\/14\/hontambere-2000\/\">Hontamb\u00e8re 2000<\/a>  14 novembre 2025<\/li><li><a href=\"https:\/\/leblogaroger.eu\/index.php\/2025\/07\/05\/journal-du-kirsch\/\">Journal des Kirsch<\/a>  5 juillet 2025<\/li><li><a href=\"https:\/\/leblogaroger.eu\/index.php\/2026\/02\/18\/la-poste-1972-le-passeur-tontons-maltes\/\">La Poste 1972 &#8211; Le Passeur\/Tontons Malt\u00e9s<\/a>  18 f\u00e9vrier 2026<\/li><li><a href=\"https:\/\/leblogaroger.eu\/index.php\/2026\/01\/23\/ladeveze-mauzac-blanc\/\">Ladev\u00e8ze Mauzac Blanc<\/a>  23 janvier 2026<\/li><li><a href=\"https:\/\/leblogaroger.eu\/index.php\/2025\/08\/10\/ladeveze-mauzac-rose\/\">Ladev\u00e8ze Mauzac Rose<\/a>  10 ao\u00fbt 2025<\/li><li><a href=\"https:\/\/leblogaroger.eu\/index.php\/2025\/04\/16\/lencantada-domaine-mamoulens-1993-12\/\">L&rsquo;Encantada Domaine Mamoulens 1993 #12<\/a>  16 avril 2025<\/li><li><a href=\"https:\/\/leblogaroger.eu\/index.php\/2025\/08\/24\/lencantada-german-armagnac-festival-2025\/\">L&rsquo;Encantada \u00ab\u00a0German Armagnac Festival 2025\u00a0\u00bb<\/a>  24 ao\u00fbt 2025<\/li><li><a href=\"https:\/\/leblogaroger.eu\/index.php\/2025\/06\/22\/live-in-gascogne\/\">Live In Gascogne<\/a>  22 juin 2025<\/li><li><a href=\"https:\/\/leblogaroger.eu\/index.php\/2025\/12\/01\/seailles-2001-armagnac-de\/\">S\u00e9ailles 2001 &#8211; Armagnac.de<\/a>  1 d\u00e9cembre 2025<\/li><li><a href=\"https:\/\/leblogaroger.eu\/index.php\/2021\/12\/15\/some-kind-of-grapes\/\">Some Kind Of Grapes<\/a>  15 d\u00e9cembre 2021<\/li><li><a href=\"https:\/\/leblogaroger.eu\/index.php\/2024\/08\/29\/some-kind-of-grapes-part-ii\/\">Some Kind Of Grapes Part II<\/a>  29 ao\u00fbt 2024<\/li><li><a href=\"https:\/\/leblogaroger.eu\/index.php\/2024\/12\/14\/some-kind-of-grapes-part-iii\/\">Some Kind Of Grapes Part III<\/a>  14 d\u00e9cembre 2024<\/li><li><a href=\"https:\/\/leblogaroger.eu\/index.php\/2025\/11\/11\/some-kind-of-malternative-part-iv\/\">Some kind of Malternative Part IV<\/a>  11 novembre 2025<\/li><li><a href=\"https:\/\/leblogaroger.eu\/index.php\/2025\/02\/27\/some-kind-ov-arton\/\">Some Kind Ov Arton<\/a>  27 f\u00e9vrier 2025<\/li><li><a href=\"https:\/\/leblogaroger.eu\/index.php\/2025\/09\/03\/some-kind-ov-authentic-spirits\/\">Some Kind Ov Authentic Spirits<\/a>  3 septembre 2025<\/li><li><a href=\"https:\/\/leblogaroger.eu\/index.php\/2024\/04\/05\/some-kind-ov-grape-of-the-art\/\">Some Kind Ov Grape Of The Art<\/a>  5 avril 2024<\/li><li><a href=\"https:\/\/leblogaroger.eu\/index.php\/2023\/09\/02\/some-kind-ov-hontambere\/\">Some Kind Ov Hontambere<\/a>  2 septembre 2023<\/li><li><a href=\"https:\/\/leblogaroger.eu\/index.php\/2025\/01\/05\/some-kind-ov-hontambere-part-ii\/\">Some Kind Ov Hontamb\u00e8re Part II<\/a>  5 janvier 2025<\/li><li><a href=\"https:\/\/leblogaroger.eu\/index.php\/2025\/02\/16\/some-kind-ov-hontambere-part-iii\/\">Some Kind Ov Hontamb\u00e8re Part III<\/a>  16 f\u00e9vrier 2025<\/li><li><a href=\"https:\/\/leblogaroger.eu\/index.php\/2024\/06\/20\/some-kind-ov-ladeveze\/\">Some Kind Ov Ladev\u00e8ze<\/a>  20 juin 2024<\/li><li><a href=\"https:\/\/leblogaroger.eu\/index.php\/2026\/02\/12\/some-kind-ov-le-passeur\/\">Some Kind Ov Le Passeur<\/a>  12 f\u00e9vrier 2026<\/li><li><a href=\"https:\/\/leblogaroger.eu\/index.php\/2024\/01\/05\/some-kind-ov-lencantada\/\">Some Kind Ov L&rsquo;Encantada<\/a>  5 janvier 2024<\/li><li><a href=\"https:\/\/leblogaroger.eu\/index.php\/2026\/03\/11\/some-kind-ov-malternative-part-vi\/\">Some Kind Ov Malternative Part VI<\/a>  11 mars 2026<\/li><li><a href=\"https:\/\/leblogaroger.eu\/index.php\/2026\/03\/30\/some-kind-ov-malternative-part-vii\/\">Some Kind Ov Malternative Part VII<\/a>  30 mars 2026<\/li><li><a href=\"https:\/\/leblogaroger.eu\/index.php\/2024\/01\/26\/some-kind-ov-row-spirits\/\">Some Kind Ov Row Spirits<\/a>  26 janvier 2024<\/li><li><a href=\"https:\/\/leblogaroger.eu\/index.php\/2024\/03\/26\/sourdois-1996-2024\/\">SOURDOIS 1996 &#8211; 2024<\/a>  26 mars 2024<\/li><li><a href=\"https:\/\/leblogaroger.eu\/index.php\/2025\/06\/25\/the-colours-of-armagnac\/\">The Colours Of Armagnac<\/a>  25 juin 2025<\/li><li><a href=\"https:\/\/leblogaroger.eu\/index.php\/2024\/04\/18\/vagabond-spirits-part-ii\/\">Vagabond Spirits Part II<\/a>  18 avril 2024<\/li><li><a href=\"https:\/\/leblogaroger.eu\/index.php\/2017\/11\/14\/verticale-lencantada\/\">Verticale l&rsquo;Encantada<\/a>  14 novembre 2017<\/li><\/ul>\n<\/div>\n\n\n\n<div class=\"wp-block-column is-layout-flow wp-block-column-is-layout-flow\"><ul class=\"lcp_catlist\" id=\"lcp_instance_0\"><li><a href=\"https:\/\/leblogaroger.eu\/index.php\/2024\/12\/22\/an-evening-with-lheraud-armagnac-de\/\">An evening with Lh\u00e9raud &amp; Armagnac.de<\/a>  22 d\u00e9cembre 2024<\/li><li><a href=\"https:\/\/leblogaroger.eu\/index.php\/2025\/06\/17\/back-to-saintes\/\">Back To Saintes<\/a>  17 juin 2025<\/li><li><a href=\"https:\/\/leblogaroger.eu\/index.php\/2025\/06\/02\/cognac-41-les-champs-fruites-lot-72-73-74-fb\/\">cognac #41 \u00ab\u00a0Les Champs Fruit\u00e9s\u00a0\u00bb (Lot 72\/73\/74 FB)<\/a>  2 juin 2025<\/li><li><a href=\"https:\/\/leblogaroger.eu\/index.php\/2025\/02\/13\/ferrand-renegade-n4\/\">Ferrand Renegade N\u00b04<\/a>  13 f\u00e9vrier 2025<\/li><li><a href=\"https:\/\/leblogaroger.eu\/index.php\/2024\/06\/04\/grape-of-the-art-tiffon-90\/\">Grape Of The Art &#8211; Tiffon &rsquo;90<\/a>  4 juin 2024<\/li><li><a href=\"https:\/\/leblogaroger.eu\/index.php\/2024\/09\/23\/grape-of-the-art-vaudon-lot-75-78-80\/\">Grape Of The Art \u2013 Vaudon Lot 75\/78\/80<\/a>  23 septembre 2024<\/li><li><a href=\"https:\/\/leblogaroger.eu\/index.php\/2024\/02\/02\/grosperrin-18-ans-bois-ordinaire\/\">Grosperrin 18 ans Bois Ordinaire<\/a>  2 f\u00e9vrier 2024<\/li><li><a href=\"https:\/\/leblogaroger.eu\/index.php\/2020\/08\/04\/heritage-de-rene-riviere-1913-2\/\">H\u00e9ritage de Ren\u00e9 Rivi\u00e8re 1913<\/a>  4 ao\u00fbt 2020<\/li><li><a href=\"https:\/\/leblogaroger.eu\/index.php\/2020\/06\/03\/heritage-de-rene-riviere-1925\/\">H\u00e9ritage de Ren\u00e9 Rivi\u00e8re 1925<\/a>  3 juin 2020<\/li><li><a href=\"https:\/\/leblogaroger.eu\/index.php\/2025\/07\/05\/journal-du-kirsch\/\">Journal des Kirsch<\/a>  5 juillet 2025<\/li><li><a href=\"https:\/\/leblogaroger.eu\/index.php\/2023\/08\/21\/lheraud-1967-grape-of-the-art\/\">Lh\u00e9raud\u00a01967 &#8211; Grape of the art<\/a>  21 ao\u00fbt 2023<\/li><li><a href=\"https:\/\/leblogaroger.eu\/index.php\/2024\/11\/17\/malternative-35-la-bonne-cause-lot-71\/\">Malternative #35 \u00ab\u00a0La bonne cause\u00a0\u00bb (Lot 71)<\/a>  17 novembre 2024<\/li><li><a href=\"https:\/\/leblogaroger.eu\/index.php\/2025\/10\/12\/malternative-43-delamain-lot-62\/\">Malternative\u00a0#43 \u2013 Delamain\u00a0lot 62<\/a>  12 octobre 2025<\/li><li><a href=\"https:\/\/leblogaroger.eu\/index.php\/2025\/09\/05\/malternative-45-laurichesse-lot-75\/\">Malternative #45 &#8211; Laurichesse Lot 75<\/a>  5 septembre 2025<\/li><li><a href=\"https:\/\/leblogaroger.eu\/index.php\/2022\/02\/20\/malternative-la-boutique\/\">Malternative, La Boutique&#8230;<\/a>  20 f\u00e9vrier 2022<\/li><li><a href=\"https:\/\/leblogaroger.eu\/index.php\/2022\/11\/17\/malternative-n16-le-roi-de-lautomne\/\">Malternative n\u00b016, \u00ab\u00a0le roi de l&rsquo;automne\u00a0\u00bb<\/a>  17 novembre 2022<\/li><li><a href=\"https:\/\/leblogaroger.eu\/index.php\/2024\/09\/21\/malternative-n32-les-jeux-de-fruits\/\">Malternative n\u00b032, \u00ab\u00a0les jeux de fruits\u00a0\u00bb<\/a>  21 septembre 2024<\/li><li><a href=\"https:\/\/leblogaroger.eu\/index.php\/2024\/02\/06\/malternative-tiffon-1995\/\">Malternative Tiffon 1995<\/a>  6 f\u00e9vrier 2024<\/li><li><a href=\"https:\/\/leblogaroger.eu\/index.php\/2024\/10\/18\/rhum-attitude-lot-87-594\/\">Rhum Attitude &#8211; Lot 87 &#8211; 59,4\u00b0<\/a>  18 octobre 2024<\/li><li><a href=\"https:\/\/leblogaroger.eu\/index.php\/2021\/10\/09\/some-kind-of-cognac\/\">Some kind of cognac<\/a>  9 octobre 2021<\/li><li><a href=\"https:\/\/leblogaroger.eu\/index.php\/2022\/11\/22\/some-kind-of-cognac-2\/\">Some Kind Of Cognac<\/a>  22 novembre 2022<\/li><li><a href=\"https:\/\/leblogaroger.eu\/index.php\/2024\/08\/29\/some-kind-of-grapes-part-ii\/\">Some Kind Of Grapes Part II<\/a>  29 ao\u00fbt 2024<\/li><li><a href=\"https:\/\/leblogaroger.eu\/index.php\/2024\/12\/14\/some-kind-of-grapes-part-iii\/\">Some Kind Of Grapes Part III<\/a>  14 d\u00e9cembre 2024<\/li><li><a href=\"https:\/\/leblogaroger.eu\/index.php\/2021\/04\/20\/some-kind-of-malternative\/\">Some kind of Malternative<\/a>  20 avril 2021<\/li><li><a href=\"https:\/\/leblogaroger.eu\/index.php\/2023\/09\/29\/some-kind-of-malternative-2\/\">Some kind of Malternative<\/a>  29 septembre 2023<\/li><li><a href=\"https:\/\/leblogaroger.eu\/index.php\/2024\/01\/20\/some-kind-of-malternative-part-iii\/\">Some kind of Malternative Part III<\/a>  20 janvier 2024<\/li><li><a href=\"https:\/\/leblogaroger.eu\/index.php\/2025\/11\/11\/some-kind-of-malternative-part-iv\/\">Some kind of Malternative Part IV<\/a>  11 novembre 2025<\/li><li><a href=\"https:\/\/leblogaroger.eu\/index.php\/2025\/12\/21\/some-kind-ov-authentic-amateur-spirits\/\">Some Kind Ov Authentic\/Amateur Spirits<\/a>  21 d\u00e9cembre 2025<\/li><li><a href=\"https:\/\/leblogaroger.eu\/index.php\/2025\/09\/03\/some-kind-ov-authentic-spirits\/\">Some Kind Ov Authentic Spirits<\/a>  3 septembre 2025<\/li><li><a href=\"https:\/\/leblogaroger.eu\/index.php\/2023\/06\/28\/some-kind-ov-cognac\/\">Some Kind Ov Cognac<\/a>  28 juin 2023<\/li><li><a href=\"https:\/\/leblogaroger.eu\/index.php\/2024\/06\/18\/some-kind-ov-cognac-part-iii\/\">Some Kind Ov Cognac part III<\/a>  18 juin 2024<\/li><li><a href=\"https:\/\/leblogaroger.eu\/index.php\/2024\/10\/15\/some-kind-ov-grande-champagne\/\">Some Kind Ov \u00ab\u00a0Grande Champagne\u00a0\u00bb<\/a>  15 octobre 2024<\/li><li><a href=\"https:\/\/leblogaroger.eu\/index.php\/2025\/03\/26\/some-kind-ov-malternative-part-iv\/\">Some Kind Ov Malternative Part IV<\/a>  26 mars 2025<\/li><li><a href=\"https:\/\/leblogaroger.eu\/index.php\/2026\/02\/06\/some-kind-ov-malternative-part-v\/\">Some Kind Ov Malternative Part V<\/a>  6 f\u00e9vrier 2026<\/li><li><a href=\"https:\/\/leblogaroger.eu\/index.php\/2026\/03\/11\/some-kind-ov-malternative-part-vi\/\">Some Kind Ov Malternative Part VI<\/a>  11 mars 2026<\/li><li><a href=\"https:\/\/leblogaroger.eu\/index.php\/2026\/03\/30\/some-kind-ov-malternative-part-vii\/\">Some Kind Ov Malternative Part VII<\/a>  30 mars 2026<\/li><li><a href=\"https:\/\/leblogaroger.eu\/index.php\/2025\/05\/11\/some-kind-ov-nice-things\/\">Some kind Ov Nice Things<\/a>  11 mai 2025<\/li><li><a href=\"https:\/\/leblogaroger.eu\/index.php\/2025\/12\/19\/some-kind-ov-spirit-of-the-day\/\">Some Kind Ov Spirit Of The Day<\/a>  19 d\u00e9cembre 2025<\/li><li><a href=\"https:\/\/leblogaroger.eu\/index.php\/2024\/11\/27\/spirit-gallery-x-spiritori-pasquet-73\/\">Spirit Gallery X Spiritori &#8211; Pasquet &rsquo;73<\/a>  27 novembre 2024<\/li><li><a href=\"https:\/\/leblogaroger.eu\/index.php\/2025\/03\/25\/the-sins-vanity-lheraud-1980\/\">The Sins \u2013 Vanity\u2013 Lh\u00e9raud 1980<\/a>  25 mars 2025<\/li><li><a href=\"https:\/\/leblogaroger.eu\/index.php\/2025\/12\/12\/the-spirit-traveller-no-7-lheraud-king-of-cognac\/\">The Spirit Traveller No 7 &#8211; Lh\u00e9raud, King of Cognac<\/a>  12 d\u00e9cembre 2025<\/li><li><a href=\"https:\/\/leblogaroger.eu\/index.php\/2025\/12\/31\/the-virtues-kindness-pasquet-1985-2025\/\">The Virtues &#8211; Kindness &#8211; Pasquet 1985\/2025<\/a>  31 d\u00e9cembre 2025<\/li><li><a href=\"https:\/\/leblogaroger.eu\/index.php\/2024\/02\/23\/ws-spirits-collection-pasquet-grande-champagne-lot-57-62\/\">Ws Spirits Collection Pasquet Grande Champagne Lot 57-62<\/a>  23 f\u00e9vrier 2024<\/li><\/ul>\n<\/div>\n<\/div>\n\n\n\n<p class=\"wp-block-paragraph\"> <\/p>\n","protected":false},"excerpt":{"rendered":"<p>Parce que le jus de raisin, c&rsquo;est clairement la vie aussi non ? Armagnacs Cognacs<\/p>\n","protected":false},"author":1,"featured_media":19046,"parent":0,"menu_order":0,"comment_status":"closed","ping_status":"closed","template":"","meta":{"_crdt_document":"","footnotes":""},"class_list":["post-4696","page","type-page","status-publish","has-post-thumbnail","hentry"],"yoast_head":"<!-- This site is optimized with the Yoast SEO plugin v27.3 - https:\/\/yoast.com\/product\/yoast-seo-wordpress\/ -->\n<title>Les Brandy -<\/title>\n<meta name=\"robots\" content=\"index, follow, max-snippet:-1, max-image-preview:large, max-video-preview:-1\" \/>\n<link rel=\"canonical\" href=\"https:\/\/leblogaroger.eu\/index.php\/les-armagnacs\/\" \/>\n<meta property=\"og:locale\" content=\"fr_FR\" \/>\n<meta property=\"og:type\" content=\"article\" \/>\n<meta property=\"og:title\" content=\"Les Brandy -\" \/>\n<meta property=\"og:description\" content=\"Parce que le jus de raisin, c&rsquo;est clairement la vie aussi non ? Armagnacs Cognacs\" \/>\n<meta property=\"og:url\" content=\"https:\/\/leblogaroger.eu\/index.php\/les-armagnacs\/\" \/>\n<meta property=\"article:publisher\" content=\"https:\/\/www.facebook.com\/leblogaroger\/\" \/>\n<meta property=\"article:modified_time\" content=\"2023-10-04T15:47:44+00:00\" \/>\n<meta property=\"og:image\" content=\"https:\/\/leblogaroger.eu\/wp-content\/uploads\/2023\/10\/grp-960x541.png\" \/>\n\t<meta property=\"og:image:width\" content=\"960\" \/>\n\t<meta property=\"og:image:height\" content=\"541\" \/>\n\t<meta property=\"og:image:type\" content=\"image\/png\" \/>\n<meta name=\"twitter:card\" content=\"summary_large_image\" \/>\n<meta name=\"twitter:label1\" content=\"Dur\u00e9e de lecture estim\u00e9e\" \/>\n\t<meta name=\"twitter:data1\" content=\"1 minute\" \/>\n<script type=\"application\/ld+json\" class=\"yoast-schema-graph\">{\"@context\":\"https:\\\/\\\/schema.org\",\"@graph\":[{\"@type\":\"WebPage\",\"@id\":\"https:\\\/\\\/leblogaroger.eu\\\/index.php\\\/les-armagnacs\\\/\",\"url\":\"https:\\\/\\\/leblogaroger.eu\\\/index.php\\\/les-armagnacs\\\/\",\"name\":\"Les Brandy -\",\"isPartOf\":{\"@id\":\"https:\\\/\\\/leblogaroger.eu\\\/#website\"},\"primaryImageOfPage\":{\"@id\":\"https:\\\/\\\/leblogaroger.eu\\\/index.php\\\/les-armagnacs\\\/#primaryimage\"},\"image\":{\"@id\":\"https:\\\/\\\/leblogaroger.eu\\\/index.php\\\/les-armagnacs\\\/#primaryimage\"},\"thumbnailUrl\":\"https:\\\/\\\/leblogaroger.eu\\\/wp-content\\\/uploads\\\/2023\\\/10\\\/grp.png\",\"datePublished\":\"2019-01-02T10:14:29+00:00\",\"dateModified\":\"2023-10-04T15:47:44+00:00\",\"breadcrumb\":{\"@id\":\"https:\\\/\\\/leblogaroger.eu\\\/index.php\\\/les-armagnacs\\\/#breadcrumb\"},\"inLanguage\":\"fr-FR\",\"potentialAction\":[{\"@type\":\"ReadAction\",\"target\":[\"https:\\\/\\\/leblogaroger.eu\\\/index.php\\\/les-armagnacs\\\/\"]}]},{\"@type\":\"ImageObject\",\"inLanguage\":\"fr-FR\",\"@id\":\"https:\\\/\\\/leblogaroger.eu\\\/index.php\\\/les-armagnacs\\\/#primaryimage\",\"url\":\"https:\\\/\\\/leblogaroger.eu\\\/wp-content\\\/uploads\\\/2023\\\/10\\\/grp.png\",\"contentUrl\":\"https:\\\/\\\/leblogaroger.eu\\\/wp-content\\\/uploads\\\/2023\\\/10\\\/grp.png\",\"width\":3625,\"height\":2042},{\"@type\":\"BreadcrumbList\",\"@id\":\"https:\\\/\\\/leblogaroger.eu\\\/index.php\\\/les-armagnacs\\\/#breadcrumb\",\"itemListElement\":[{\"@type\":\"ListItem\",\"position\":1,\"name\":\"Home\",\"item\":\"https:\\\/\\\/leblogaroger.eu\\\/\"},{\"@type\":\"ListItem\",\"position\":2,\"name\":\"Les Brandy\"}]},{\"@type\":\"WebSite\",\"@id\":\"https:\\\/\\\/leblogaroger.eu\\\/#website\",\"url\":\"https:\\\/\\\/leblogaroger.eu\\\/\",\"name\":\"\",\"description\":\"Mundi placet et spiritus minima...\",\"potentialAction\":[{\"@type\":\"SearchAction\",\"target\":{\"@type\":\"EntryPoint\",\"urlTemplate\":\"https:\\\/\\\/leblogaroger.eu\\\/?s={search_term_string}\"},\"query-input\":{\"@type\":\"PropertyValueSpecification\",\"valueRequired\":true,\"valueName\":\"search_term_string\"}}],\"inLanguage\":\"fr-FR\"}]}<\/script>\n<!-- \/ Yoast SEO plugin. -->","yoast_head_json":{"title":"Les Brandy -","robots":{"index":"index","follow":"follow","max-snippet":"max-snippet:-1","max-image-preview":"max-image-preview:large","max-video-preview":"max-video-preview:-1"},"canonical":"https:\/\/leblogaroger.eu\/index.php\/les-armagnacs\/","og_locale":"fr_FR","og_type":"article","og_title":"Les Brandy -","og_description":"Parce que le jus de raisin, c&rsquo;est clairement la vie aussi non ? Armagnacs Cognacs","og_url":"https:\/\/leblogaroger.eu\/index.php\/les-armagnacs\/","article_publisher":"https:\/\/www.facebook.com\/leblogaroger\/","article_modified_time":"2023-10-04T15:47:44+00:00","og_image":[{"width":960,"height":541,"url":"https:\/\/leblogaroger.eu\/wp-content\/uploads\/2023\/10\/grp-960x541.png","type":"image\/png"}],"twitter_card":"summary_large_image","twitter_misc":{"Dur\u00e9e de lecture estim\u00e9e":"1 minute"},"schema":{"@context":"https:\/\/schema.org","@graph":[{"@type":"WebPage","@id":"https:\/\/leblogaroger.eu\/index.php\/les-armagnacs\/","url":"https:\/\/leblogaroger.eu\/index.php\/les-armagnacs\/","name":"Les Brandy -","isPartOf":{"@id":"https:\/\/leblogaroger.eu\/#website"},"primaryImageOfPage":{"@id":"https:\/\/leblogaroger.eu\/index.php\/les-armagnacs\/#primaryimage"},"image":{"@id":"https:\/\/leblogaroger.eu\/index.php\/les-armagnacs\/#primaryimage"},"thumbnailUrl":"https:\/\/leblogaroger.eu\/wp-content\/uploads\/2023\/10\/grp.png","datePublished":"2019-01-02T10:14:29+00:00","dateModified":"2023-10-04T15:47:44+00:00","breadcrumb":{"@id":"https:\/\/leblogaroger.eu\/index.php\/les-armagnacs\/#breadcrumb"},"inLanguage":"fr-FR","potentialAction":[{"@type":"ReadAction","target":["https:\/\/leblogaroger.eu\/index.php\/les-armagnacs\/"]}]},{"@type":"ImageObject","inLanguage":"fr-FR","@id":"https:\/\/leblogaroger.eu\/index.php\/les-armagnacs\/#primaryimage","url":"https:\/\/leblogaroger.eu\/wp-content\/uploads\/2023\/10\/grp.png","contentUrl":"https:\/\/leblogaroger.eu\/wp-content\/uploads\/2023\/10\/grp.png","width":3625,"height":2042},{"@type":"BreadcrumbList","@id":"https:\/\/leblogaroger.eu\/index.php\/les-armagnacs\/#breadcrumb","itemListElement":[{"@type":"ListItem","position":1,"name":"Home","item":"https:\/\/leblogaroger.eu\/"},{"@type":"ListItem","position":2,"name":"Les Brandy"}]},{"@type":"WebSite","@id":"https:\/\/leblogaroger.eu\/#website","url":"https:\/\/leblogaroger.eu\/","name":"","description":"Mundi placet et spiritus minima...","potentialAction":[{"@type":"SearchAction","target":{"@type":"EntryPoint","urlTemplate":"https:\/\/leblogaroger.eu\/?s={search_term_string}"},"query-input":{"@type":"PropertyValueSpecification","valueRequired":true,"valueName":"search_term_string"}}],"inLanguage":"fr-FR"}]}},"_links":{"self":[{"href":"https:\/\/leblogaroger.eu\/index.php\/wp-json\/wp\/v2\/pages\/4696","targetHints":{"allow":["GET"]}}],"collection":[{"href":"https:\/\/leblogaroger.eu\/index.php\/wp-json\/wp\/v2\/pages"}],"about":[{"href":"https:\/\/leblogaroger.eu\/index.php\/wp-json\/wp\/v2\/types\/page"}],"author":[{"embeddable":true,"href":"https:\/\/leblogaroger.eu\/index.php\/wp-json\/wp\/v2\/users\/1"}],"replies":[{"embeddable":true,"href":"https:\/\/leblogaroger.eu\/index.php\/wp-json\/wp\/v2\/comments?post=4696"}],"version-history":[{"count":3,"href":"https:\/\/leblogaroger.eu\/index.php\/wp-json\/wp\/v2\/pages\/4696\/revisions"}],"predecessor-version":[{"id":19048,"href":"https:\/\/leblogaroger.eu\/index.php\/wp-json\/wp\/v2\/pages\/4696\/revisions\/19048"}],"wp:featuredmedia":[{"embeddable":true,"href":"https:\/\/leblogaroger.eu\/index.php\/wp-json\/wp\/v2\/media\/19046"}],"wp:attachment":[{"href":"https:\/\/leblogaroger.eu\/index.php\/wp-json\/wp\/v2\/media?parent=4696"}],"curies":[{"name":"wp","href":"https:\/\/api.w.org\/{rel}","templated":true}]}}