{"id":26106,"date":"2026-02-10T11:42:29","date_gmt":"2026-02-10T10:42:29","guid":{"rendered":"https:\/\/leblogaroger.eu\/?page_id=26106"},"modified":"2026-02-10T11:42:30","modified_gmt":"2026-02-10T10:42:30","slug":"independance","status":"publish","type":"page","link":"https:\/\/leblogaroger.eu\/index.php\/independance\/","title":{"rendered":"Ind\u00e9pendance"},"content":{"rendered":"\n<p class=\"wp-block-paragraph\">Sur ce blog, on s\u2019abonne \u00e0 une plume\u00a0<em>(ou plut\u00f4t un clavier en fait)<\/em>, mais surtout \u00e0 une\u00a0<strong>confiance<\/strong>. Dans le monde des spiritueux, cette confiance repose sur un pilier central : l\u2019ind\u00e9pendance \u00e9ditoriale.<\/p>\n\n\n\n<h3 class=\"wp-block-heading\">\u201cPas de quilles offertes, pas de discours liss\u00e9s\u201d<\/h3>\n\n\n\n<p class=\"wp-block-paragraph\">On ne va pas se mentir : il est facile de trouver des avis \u00e9logieux sur le web. Mais ici, le ton est diff\u00e9rent. Pourquoi ? Parce que&nbsp;<strong>personne ne m\u2019envoie de bouteilles pour que j\u2019en dise du bien.<\/strong>&nbsp;Mon fonctionnement est limpide :<\/p>\n\n\n\n<ul class=\"wp-block-list\">\n<li><strong>Autofinancement :<\/strong>\u00a0Tout l\u2019\u00e9cosyst\u00e8me autour du\u00a0<strong>\u201cBlog \u00e0 Roger\u201d<\/strong>\u00a0est 100% financ\u00e9 avec mes petits sous. Je ne re\u00e7ois aucune aide externe, aucun sponsoring, et je n\u2019ai de comptes \u00e0 rendre \u00e0 aucune marque.<\/li>\n\n\n\n<li><strong>Libert\u00e9 de parole :<\/strong>\u00a0Recevoir un \u00e9chantillon n\u2019est pas un contrat. Mon avis reste le mien : s\u2019il faut dire qu\u2019un jus n\u2019est pas au niveau, je le ferai avec la m\u00eame franchise que si je l\u2019avais achet\u00e9 moi-m\u00eame\u2026 Quitte \u00e0 ce que \u00e7a grince des dents.<br>J&rsquo;ai d\u00e9j\u00e0 quelques \u00ab\u00a0longues discussions\u00a0\u00bb au compteur avec certains m\u00e9contents, mais c&rsquo;est ainsi que je con\u00e7ois mon ind\u00e9pendance.<\/li>\n\n\n\n<li><strong>Z\u00e9ro pression :<\/strong>\u00a0Je ne vends pas d\u2019espaces publicitaires aux marques et je ne suis l\u2019ambassadeur d\u2019aucun producteur ni d\u2019aucun embouteilleur.<\/li>\n<\/ul>\n\n\n\n<h3 class=\"wp-block-heading\">Pourquoi c\u2019est important pour vous ?<\/h3>\n\n\n\n<p class=\"wp-block-paragraph\">Le march\u00e9 du rhum et des spiritueux est devenu une jungle o\u00f9 les prix s\u2019envolent. Mon r\u00f4le, tel que je le vois, est de vous offrir un avis&nbsp;<strong>brut et impartial<\/strong>&nbsp;pour vous aider \u00e0 investir dans des bouteilles qui en valent vraiment la peine.<\/p>\n\n\n\n<p class=\"wp-block-paragraph\">Je ne suis pas journaliste, je n\u2019ai pas de \u201cr\u00e9seau\u201d \u00e0 m\u00e9nager pour obtenir des exclusivit\u00e9s. Je suis un amateur passionn\u00e9 qui \u00e9crit pour d\u2019autres amateurs. Mon palais est mon seul juge, et mon ind\u00e9pendance est cruciale.<\/p>\n\n\n\n<p class=\"wp-block-paragraph\"><strong>En r\u00e9sum\u00e9 :<\/strong>\u00a0Vous trouverez ici des notes de d\u00e9gustation sans filtre, r\u00e9dig\u00e9es par un passionn\u00e9 et qui n\u2019a de comptes \u00e0 rendre \u00e0 personne. Juste le plaisir, le go\u00fbt, et la v\u00e9rit\u00e9 du verre\u2026 du moins la mienne \ud83d\ude42<\/p>\n\n\n<div class=\"wp-block-image\">\n<figure class=\"aligncenter size-full is-resized\"><img loading=\"lazy\" decoding=\"async\" width=\"595\" height=\"668\" src=\"https:\/\/leblogaroger.eu\/wp-content\/uploads\/2026\/02\/be0d6962-ee32-43b1-92ee-543e5aab5302_595x668.png\" alt=\"\" class=\"wp-image-26108\" style=\"width:288px;height:auto\"\/><\/figure>\n<\/div>","protected":false},"excerpt":{"rendered":"<p>Sur ce blog, on s\u2019abonne \u00e0 une plume\u00a0(ou plut\u00f4t un clavier en fait), mais surtout \u00e0 une\u00a0confiance. Dans le monde des spiritueux, cette confiance repose sur un pilier central : l\u2019ind\u00e9pendance \u00e9ditoriale. \u201cPas de quilles offertes, pas de discours liss\u00e9s\u201d On ne va pas se mentir : il est facile <a href=\"https:\/\/leblogaroger.eu\/index.php\/independance\/\" class=\"btn btn-link continue-link\">Voir plus&#8230;<\/a><\/p>\n","protected":false},"author":1,"featured_media":26107,"parent":0,"menu_order":0,"comment_status":"closed","ping_status":"closed","template":"","meta":{"_crdt_document":"","footnotes":""},"class_list":["post-26106","page","type-page","status-publish","has-post-thumbnail","hentry"],"yoast_head":"<!-- This site is optimized with the Yoast SEO plugin v27.3 - https:\/\/yoast.com\/product\/yoast-seo-wordpress\/ -->\n<title>Ind\u00e9pendance -<\/title>\n<meta name=\"robots\" content=\"index, follow, max-snippet:-1, max-image-preview:large, max-video-preview:-1\" \/>\n<link rel=\"canonical\" href=\"https:\/\/leblogaroger.eu\/index.php\/independance\/\" \/>\n<meta property=\"og:locale\" content=\"fr_FR\" \/>\n<meta property=\"og:type\" content=\"article\" \/>\n<meta property=\"og:title\" content=\"Ind\u00e9pendance -\" \/>\n<meta property=\"og:description\" content=\"Sur ce blog, on s\u2019abonne \u00e0 une plume\u00a0(ou plut\u00f4t un clavier en fait), mais surtout \u00e0 une\u00a0confiance. Dans le monde des spiritueux, cette confiance repose sur un pilier central : l\u2019ind\u00e9pendance \u00e9ditoriale. \u201cPas de quilles offertes, pas de discours liss\u00e9s\u201d On ne va pas se mentir : il est facile Voir plus...\" \/>\n<meta property=\"og:url\" content=\"https:\/\/leblogaroger.eu\/index.php\/independance\/\" \/>\n<meta property=\"article:publisher\" content=\"https:\/\/www.facebook.com\/leblogaroger\/\" \/>\n<meta property=\"article:modified_time\" content=\"2026-02-10T10:42:30+00:00\" \/>\n<meta property=\"og:image\" content=\"https:\/\/leblogaroger.eu\/wp-content\/uploads\/2026\/02\/9e9b95b0-3ce3-413a-ad4f-0ca75859ac26_1020x600.jpg\" \/>\n\t<meta property=\"og:image:width\" content=\"1020\" \/>\n\t<meta property=\"og:image:height\" content=\"600\" \/>\n\t<meta property=\"og:image:type\" content=\"image\/jpeg\" \/>\n<meta name=\"twitter:card\" content=\"summary_large_image\" \/>\n<meta name=\"twitter:label1\" content=\"Dur\u00e9e de lecture estim\u00e9e\" \/>\n\t<meta name=\"twitter:data1\" content=\"3 minutes\" \/>\n<script type=\"application\/ld+json\" class=\"yoast-schema-graph\">{\"@context\":\"https:\\\/\\\/schema.org\",\"@graph\":[{\"@type\":\"WebPage\",\"@id\":\"https:\\\/\\\/leblogaroger.eu\\\/index.php\\\/independance\\\/\",\"url\":\"https:\\\/\\\/leblogaroger.eu\\\/index.php\\\/independance\\\/\",\"name\":\"Ind\u00e9pendance -\",\"isPartOf\":{\"@id\":\"https:\\\/\\\/leblogaroger.eu\\\/#website\"},\"primaryImageOfPage\":{\"@id\":\"https:\\\/\\\/leblogaroger.eu\\\/index.php\\\/independance\\\/#primaryimage\"},\"image\":{\"@id\":\"https:\\\/\\\/leblogaroger.eu\\\/index.php\\\/independance\\\/#primaryimage\"},\"thumbnailUrl\":\"https:\\\/\\\/leblogaroger.eu\\\/wp-content\\\/uploads\\\/2026\\\/02\\\/9e9b95b0-3ce3-413a-ad4f-0ca75859ac26_1020x600.jpg\",\"datePublished\":\"2026-02-10T10:42:29+00:00\",\"dateModified\":\"2026-02-10T10:42:30+00:00\",\"breadcrumb\":{\"@id\":\"https:\\\/\\\/leblogaroger.eu\\\/index.php\\\/independance\\\/#breadcrumb\"},\"inLanguage\":\"fr-FR\",\"potentialAction\":[{\"@type\":\"ReadAction\",\"target\":[\"https:\\\/\\\/leblogaroger.eu\\\/index.php\\\/independance\\\/\"]}]},{\"@type\":\"ImageObject\",\"inLanguage\":\"fr-FR\",\"@id\":\"https:\\\/\\\/leblogaroger.eu\\\/index.php\\\/independance\\\/#primaryimage\",\"url\":\"https:\\\/\\\/leblogaroger.eu\\\/wp-content\\\/uploads\\\/2026\\\/02\\\/9e9b95b0-3ce3-413a-ad4f-0ca75859ac26_1020x600.jpg\",\"contentUrl\":\"https:\\\/\\\/leblogaroger.eu\\\/wp-content\\\/uploads\\\/2026\\\/02\\\/9e9b95b0-3ce3-413a-ad4f-0ca75859ac26_1020x600.jpg\",\"width\":1020,\"height\":600},{\"@type\":\"BreadcrumbList\",\"@id\":\"https:\\\/\\\/leblogaroger.eu\\\/index.php\\\/independance\\\/#breadcrumb\",\"itemListElement\":[{\"@type\":\"ListItem\",\"position\":1,\"name\":\"Home\",\"item\":\"https:\\\/\\\/leblogaroger.eu\\\/\"},{\"@type\":\"ListItem\",\"position\":2,\"name\":\"Ind\u00e9pendance\"}]},{\"@type\":\"WebSite\",\"@id\":\"https:\\\/\\\/leblogaroger.eu\\\/#website\",\"url\":\"https:\\\/\\\/leblogaroger.eu\\\/\",\"name\":\"\",\"description\":\"Mundi placet et spiritus minima...\",\"potentialAction\":[{\"@type\":\"SearchAction\",\"target\":{\"@type\":\"EntryPoint\",\"urlTemplate\":\"https:\\\/\\\/leblogaroger.eu\\\/?s={search_term_string}\"},\"query-input\":{\"@type\":\"PropertyValueSpecification\",\"valueRequired\":true,\"valueName\":\"search_term_string\"}}],\"inLanguage\":\"fr-FR\"}]}<\/script>\n<!-- \/ Yoast SEO plugin. -->","yoast_head_json":{"title":"Ind\u00e9pendance -","robots":{"index":"index","follow":"follow","max-snippet":"max-snippet:-1","max-image-preview":"max-image-preview:large","max-video-preview":"max-video-preview:-1"},"canonical":"https:\/\/leblogaroger.eu\/index.php\/independance\/","og_locale":"fr_FR","og_type":"article","og_title":"Ind\u00e9pendance -","og_description":"Sur ce blog, on s\u2019abonne \u00e0 une plume\u00a0(ou plut\u00f4t un clavier en fait), mais surtout \u00e0 une\u00a0confiance. Dans le monde des spiritueux, cette confiance repose sur un pilier central : l\u2019ind\u00e9pendance \u00e9ditoriale. \u201cPas de quilles offertes, pas de discours liss\u00e9s\u201d On ne va pas se mentir : il est facile Voir plus...","og_url":"https:\/\/leblogaroger.eu\/index.php\/independance\/","article_publisher":"https:\/\/www.facebook.com\/leblogaroger\/","article_modified_time":"2026-02-10T10:42:30+00:00","og_image":[{"width":1020,"height":600,"url":"https:\/\/leblogaroger.eu\/wp-content\/uploads\/2026\/02\/9e9b95b0-3ce3-413a-ad4f-0ca75859ac26_1020x600.jpg","type":"image\/jpeg"}],"twitter_card":"summary_large_image","twitter_misc":{"Dur\u00e9e de lecture estim\u00e9e":"3 minutes"},"schema":{"@context":"https:\/\/schema.org","@graph":[{"@type":"WebPage","@id":"https:\/\/leblogaroger.eu\/index.php\/independance\/","url":"https:\/\/leblogaroger.eu\/index.php\/independance\/","name":"Ind\u00e9pendance -","isPartOf":{"@id":"https:\/\/leblogaroger.eu\/#website"},"primaryImageOfPage":{"@id":"https:\/\/leblogaroger.eu\/index.php\/independance\/#primaryimage"},"image":{"@id":"https:\/\/leblogaroger.eu\/index.php\/independance\/#primaryimage"},"thumbnailUrl":"https:\/\/leblogaroger.eu\/wp-content\/uploads\/2026\/02\/9e9b95b0-3ce3-413a-ad4f-0ca75859ac26_1020x600.jpg","datePublished":"2026-02-10T10:42:29+00:00","dateModified":"2026-02-10T10:42:30+00:00","breadcrumb":{"@id":"https:\/\/leblogaroger.eu\/index.php\/independance\/#breadcrumb"},"inLanguage":"fr-FR","potentialAction":[{"@type":"ReadAction","target":["https:\/\/leblogaroger.eu\/index.php\/independance\/"]}]},{"@type":"ImageObject","inLanguage":"fr-FR","@id":"https:\/\/leblogaroger.eu\/index.php\/independance\/#primaryimage","url":"https:\/\/leblogaroger.eu\/wp-content\/uploads\/2026\/02\/9e9b95b0-3ce3-413a-ad4f-0ca75859ac26_1020x600.jpg","contentUrl":"https:\/\/leblogaroger.eu\/wp-content\/uploads\/2026\/02\/9e9b95b0-3ce3-413a-ad4f-0ca75859ac26_1020x600.jpg","width":1020,"height":600},{"@type":"BreadcrumbList","@id":"https:\/\/leblogaroger.eu\/index.php\/independance\/#breadcrumb","itemListElement":[{"@type":"ListItem","position":1,"name":"Home","item":"https:\/\/leblogaroger.eu\/"},{"@type":"ListItem","position":2,"name":"Ind\u00e9pendance"}]},{"@type":"WebSite","@id":"https:\/\/leblogaroger.eu\/#website","url":"https:\/\/leblogaroger.eu\/","name":"","description":"Mundi placet et spiritus minima...","potentialAction":[{"@type":"SearchAction","target":{"@type":"EntryPoint","urlTemplate":"https:\/\/leblogaroger.eu\/?s={search_term_string}"},"query-input":{"@type":"PropertyValueSpecification","valueRequired":true,"valueName":"search_term_string"}}],"inLanguage":"fr-FR"}]}},"_links":{"self":[{"href":"https:\/\/leblogaroger.eu\/index.php\/wp-json\/wp\/v2\/pages\/26106","targetHints":{"allow":["GET"]}}],"collection":[{"href":"https:\/\/leblogaroger.eu\/index.php\/wp-json\/wp\/v2\/pages"}],"about":[{"href":"https:\/\/leblogaroger.eu\/index.php\/wp-json\/wp\/v2\/types\/page"}],"author":[{"embeddable":true,"href":"https:\/\/leblogaroger.eu\/index.php\/wp-json\/wp\/v2\/users\/1"}],"replies":[{"embeddable":true,"href":"https:\/\/leblogaroger.eu\/index.php\/wp-json\/wp\/v2\/comments?post=26106"}],"version-history":[{"count":2,"href":"https:\/\/leblogaroger.eu\/index.php\/wp-json\/wp\/v2\/pages\/26106\/revisions"}],"predecessor-version":[{"id":26110,"href":"https:\/\/leblogaroger.eu\/index.php\/wp-json\/wp\/v2\/pages\/26106\/revisions\/26110"}],"wp:featuredmedia":[{"embeddable":true,"href":"https:\/\/leblogaroger.eu\/index.php\/wp-json\/wp\/v2\/media\/26107"}],"wp:attachment":[{"href":"https:\/\/leblogaroger.eu\/index.php\/wp-json\/wp\/v2\/media?parent=26106"}],"curies":[{"name":"wp","href":"https:\/\/api.w.org\/{rel}","templated":true}]}}