{"id":2291,"date":"2018-07-26T13:44:05","date_gmt":"2018-07-26T11:44:05","guid":{"rendered":"http:\/\/leblogaroger.eu\/?page_id=2291"},"modified":"2023-10-04T14:14:03","modified_gmt":"2023-10-04T12:14:03","slug":"vie-privee-contenu","status":"publish","type":"page","link":"https:\/\/leblogaroger.eu\/index.php\/vie-privee-contenu\/","title":{"rendered":"Vie priv\u00e9e &#038; Contenu"},"content":{"rendered":"\n<h3 class=\"wp-block-heading\">CONTENU<\/h3>\n\n\n\n<p class=\"wp-block-paragraph\">Le blog \u00e0 Roger est libre de droits, tout contenu pouvant \u00eatre partag\u00e9 ou utilis\u00e9 sur simple demande via un envoie de mail \u00e0 <a href=\"mailto:leblogaroger@gmail.com\">leblogaroger@gmail.com<\/a><\/p>\n\n\n\n<hr class=\"wp-block-separator\"\/>\n\n\n\n<h3 class=\"wp-block-heading\">LIENS<\/h3>\n\n\n\n<p class=\"wp-block-paragraph\">Nous n&rsquo;avons aucune influence sur le contenu des sites Web de tiers, par cons\u00e9quent, nous ne pouvons \u00eatre tenus responsables de tout contenu externe qui pourrait \u00eatre atteint en suivant un lien de notre site Web. Le fournisseur ou l&rsquo;exploitant des sites Web li\u00e9s est responsable de son contenu.<\/p>\n\n\n\n<hr class=\"wp-block-separator\"\/>\n\n\n\n<h3 class=\"wp-block-heading\">UTILISATION \u00c0 DES FINS STATISTIQUES D&rsquo;INFORMATIONS RELATIVES \u00c0 LA NAVIGATION<\/h3>\n\n\n\n<p class=\"wp-block-paragraph\">Lorsque vous acc\u00e9dez au site, les serveurs consult\u00e9s collectent automatiquement les donn\u00e9es suivantes:<\/p>\n\n\n\n<p class=\"wp-block-paragraph\">l&rsquo;adresse IP qui vous est attribu\u00e9e lors de votre connexion;<br>la date et l&rsquo;heure d&rsquo;acc\u00e8s au site;<br>les pages consult\u00e9es;<br>le type de navigateur (browser) utilis\u00e9;<br>la plate-forme et\/ou le syst\u00e8me d&rsquo;exploitation install\u00e9 sur le PC;<br>le moteur de recherche ainsi que les mots-cl\u00e9s utilis\u00e9s pour retrouver le site.<br>Ces informations ne sont conserv\u00e9es qu&rsquo;\u00e0 la seule fin de mesurer le nombre de visiteurs dans les diff\u00e9rentes sections du site et d&rsquo;y apporter des am\u00e9liorations.<\/p>\n\n\n\n<hr class=\"wp-block-separator\"\/>\n\n\n\n<h3 class=\"wp-block-heading\">UTILISATION DE COOKIES<\/h3>\n\n\n\n<p class=\"wp-block-paragraph\">Dans le but de faciliter votre navigation sur le site ainsi que d&rsquo;optimaliser la gestion technique, ce site internet peut \u00eatre occasionnellement amen\u00e9e \u00e0 utiliser des \u00ab\u00a0cookies\u00a0\u00bb.<\/p>\n\n\n\n<p class=\"wp-block-paragraph\">Un \u00ab\u00a0cookie\u00a0\u00bb est une petite pi\u00e8ce d&rsquo;information sauvegard\u00e9e par un site web au sein du navigateur Internet de votre ordinateur. Ce \u00ab\u00a0cookie\u00a0\u00bb peut \u00eatre r\u00e9cup\u00e9r\u00e9 lors d&rsquo;une visite ult\u00e9rieure sur ce m\u00eame site. Le \u00ab\u00a0cookie\u00a0\u00bb ne peut \u00eatre lu par un autre site web que celui qui l&rsquo;a cr\u00e9\u00e9. Le site utilise les \u00ab\u00a0cookies\u00a0\u00bb \u00e0 des fins administratives pour, par exemple, enregistrer vos pr\u00e9f\u00e9rences pour certains types d&rsquo;informations, ce qui vous \u00e9vitera de devoir r\u00e9p\u00e9ter les m\u00eames saisies au clavier lors de chaque visite \u00e0 notre site.<\/p>\n\n\n\n<p class=\"wp-block-paragraph\">La plupart des \u00ab\u00a0cookies\u00a0\u00bb ne fonctionnent que le temps d&rsquo;une session ou visite. Aucun d&rsquo;entre eux ne contient d&rsquo;informations vous rendant susceptible de pouvoir \u00eatre contact\u00e9 par t\u00e9l\u00e9phone, courrier \u00e9lectronique ou postal. Il vous est \u00e9galement possible de configurer votre navigateur pour vous informer lors de chaque cr\u00e9ation de \u00ab\u00a0cookie\u00a0\u00bb ou pour emp\u00eacher leur enregistrement.<\/p>\n\n\n\n<hr class=\"wp-block-separator\"\/>\n\n\n\n<h3 class=\"wp-block-heading\">ALLERG\u00c8NES<\/h3>\n\n\n\n<p class=\"wp-block-paragraph\">Pr\u00e9sence \u00e9ventuelles de fruits \u00e0 coque, crustac\u00e9s ou tout autre ingr\u00e9dients allerg\u00e8nes dans la plupart des notes et retours de d\u00e9gustation.<\/p>\n","protected":false},"excerpt":{"rendered":"<p>CONTENU Le blog \u00e0 Roger est libre de droits, tout contenu pouvant \u00eatre partag\u00e9 ou utilis\u00e9 sur simple demande via un envoie de mail \u00e0 leblogaroger@gmail.com LIENS Nous n&rsquo;avons aucune influence sur le contenu des sites Web de tiers, par cons\u00e9quent, nous ne pouvons \u00eatre tenus responsables de tout contenu <a href=\"https:\/\/leblogaroger.eu\/index.php\/vie-privee-contenu\/\" class=\"btn btn-link continue-link\">Voir plus&#8230;<\/a><\/p>\n","protected":false},"author":1,"featured_media":2292,"parent":0,"menu_order":0,"comment_status":"closed","ping_status":"closed","template":"","meta":{"_crdt_document":"","footnotes":""},"class_list":["post-2291","page","type-page","status-publish","has-post-thumbnail","hentry"],"yoast_head":"<!-- This site is optimized with the Yoast SEO plugin v27.3 - https:\/\/yoast.com\/product\/yoast-seo-wordpress\/ -->\n<title>Vie priv\u00e9e &amp; Contenu -<\/title>\n<meta name=\"robots\" content=\"index, follow, max-snippet:-1, max-image-preview:large, max-video-preview:-1\" \/>\n<link rel=\"canonical\" href=\"https:\/\/leblogaroger.eu\/index.php\/vie-privee-contenu\/\" \/>\n<meta property=\"og:locale\" content=\"fr_FR\" \/>\n<meta property=\"og:type\" content=\"article\" \/>\n<meta property=\"og:title\" content=\"Vie priv\u00e9e &amp; Contenu -\" \/>\n<meta property=\"og:description\" content=\"CONTENU Le blog \u00e0 Roger est libre de droits, tout contenu pouvant \u00eatre partag\u00e9 ou utilis\u00e9 sur simple demande via un envoie de mail \u00e0 leblogaroger@gmail.com LIENS Nous n&rsquo;avons aucune influence sur le contenu des sites Web de tiers, par cons\u00e9quent, nous ne pouvons \u00eatre tenus responsables de tout contenu Voir plus...\" \/>\n<meta property=\"og:url\" content=\"https:\/\/leblogaroger.eu\/index.php\/vie-privee-contenu\/\" \/>\n<meta property=\"article:publisher\" content=\"https:\/\/www.facebook.com\/leblogaroger\/\" \/>\n<meta property=\"article:modified_time\" content=\"2023-10-04T12:14:03+00:00\" \/>\n<meta property=\"og:image\" content=\"https:\/\/leblogaroger.eu\/wp-content\/uploads\/2018\/07\/content.png\" \/>\n\t<meta property=\"og:image:width\" content=\"3625\" \/>\n\t<meta property=\"og:image:height\" content=\"2042\" \/>\n\t<meta property=\"og:image:type\" content=\"image\/png\" \/>\n<meta name=\"twitter:card\" content=\"summary_large_image\" \/>\n<meta name=\"twitter:label1\" content=\"Dur\u00e9e de lecture estim\u00e9e\" \/>\n\t<meta name=\"twitter:data1\" content=\"2 minutes\" \/>\n<script type=\"application\/ld+json\" class=\"yoast-schema-graph\">{\"@context\":\"https:\\\/\\\/schema.org\",\"@graph\":[{\"@type\":\"WebPage\",\"@id\":\"https:\\\/\\\/leblogaroger.eu\\\/index.php\\\/vie-privee-contenu\\\/\",\"url\":\"https:\\\/\\\/leblogaroger.eu\\\/index.php\\\/vie-privee-contenu\\\/\",\"name\":\"Vie priv\u00e9e & Contenu -\",\"isPartOf\":{\"@id\":\"https:\\\/\\\/leblogaroger.eu\\\/#website\"},\"primaryImageOfPage\":{\"@id\":\"https:\\\/\\\/leblogaroger.eu\\\/index.php\\\/vie-privee-contenu\\\/#primaryimage\"},\"image\":{\"@id\":\"https:\\\/\\\/leblogaroger.eu\\\/index.php\\\/vie-privee-contenu\\\/#primaryimage\"},\"thumbnailUrl\":\"https:\\\/\\\/leblogaroger.eu\\\/wp-content\\\/uploads\\\/2018\\\/07\\\/content.png\",\"datePublished\":\"2018-07-26T11:44:05+00:00\",\"dateModified\":\"2023-10-04T12:14:03+00:00\",\"breadcrumb\":{\"@id\":\"https:\\\/\\\/leblogaroger.eu\\\/index.php\\\/vie-privee-contenu\\\/#breadcrumb\"},\"inLanguage\":\"fr-FR\",\"potentialAction\":[{\"@type\":\"ReadAction\",\"target\":[\"https:\\\/\\\/leblogaroger.eu\\\/index.php\\\/vie-privee-contenu\\\/\"]}]},{\"@type\":\"ImageObject\",\"inLanguage\":\"fr-FR\",\"@id\":\"https:\\\/\\\/leblogaroger.eu\\\/index.php\\\/vie-privee-contenu\\\/#primaryimage\",\"url\":\"https:\\\/\\\/leblogaroger.eu\\\/wp-content\\\/uploads\\\/2018\\\/07\\\/content.png\",\"contentUrl\":\"https:\\\/\\\/leblogaroger.eu\\\/wp-content\\\/uploads\\\/2018\\\/07\\\/content.png\",\"width\":3625,\"height\":2042},{\"@type\":\"BreadcrumbList\",\"@id\":\"https:\\\/\\\/leblogaroger.eu\\\/index.php\\\/vie-privee-contenu\\\/#breadcrumb\",\"itemListElement\":[{\"@type\":\"ListItem\",\"position\":1,\"name\":\"Home\",\"item\":\"https:\\\/\\\/leblogaroger.eu\\\/\"},{\"@type\":\"ListItem\",\"position\":2,\"name\":\"Vie priv\u00e9e &#038; Contenu\"}]},{\"@type\":\"WebSite\",\"@id\":\"https:\\\/\\\/leblogaroger.eu\\\/#website\",\"url\":\"https:\\\/\\\/leblogaroger.eu\\\/\",\"name\":\"\",\"description\":\"Mundi placet et spiritus minima...\",\"potentialAction\":[{\"@type\":\"SearchAction\",\"target\":{\"@type\":\"EntryPoint\",\"urlTemplate\":\"https:\\\/\\\/leblogaroger.eu\\\/?s={search_term_string}\"},\"query-input\":{\"@type\":\"PropertyValueSpecification\",\"valueRequired\":true,\"valueName\":\"search_term_string\"}}],\"inLanguage\":\"fr-FR\"}]}<\/script>\n<!-- \/ Yoast SEO plugin. -->","yoast_head_json":{"title":"Vie priv\u00e9e & Contenu -","robots":{"index":"index","follow":"follow","max-snippet":"max-snippet:-1","max-image-preview":"max-image-preview:large","max-video-preview":"max-video-preview:-1"},"canonical":"https:\/\/leblogaroger.eu\/index.php\/vie-privee-contenu\/","og_locale":"fr_FR","og_type":"article","og_title":"Vie priv\u00e9e & Contenu -","og_description":"CONTENU Le blog \u00e0 Roger est libre de droits, tout contenu pouvant \u00eatre partag\u00e9 ou utilis\u00e9 sur simple demande via un envoie de mail \u00e0 leblogaroger@gmail.com LIENS Nous n&rsquo;avons aucune influence sur le contenu des sites Web de tiers, par cons\u00e9quent, nous ne pouvons \u00eatre tenus responsables de tout contenu Voir plus...","og_url":"https:\/\/leblogaroger.eu\/index.php\/vie-privee-contenu\/","article_publisher":"https:\/\/www.facebook.com\/leblogaroger\/","article_modified_time":"2023-10-04T12:14:03+00:00","og_image":[{"width":3625,"height":2042,"url":"https:\/\/leblogaroger.eu\/wp-content\/uploads\/2018\/07\/content.png","type":"image\/png"}],"twitter_card":"summary_large_image","twitter_misc":{"Dur\u00e9e de lecture estim\u00e9e":"2 minutes"},"schema":{"@context":"https:\/\/schema.org","@graph":[{"@type":"WebPage","@id":"https:\/\/leblogaroger.eu\/index.php\/vie-privee-contenu\/","url":"https:\/\/leblogaroger.eu\/index.php\/vie-privee-contenu\/","name":"Vie priv\u00e9e & Contenu -","isPartOf":{"@id":"https:\/\/leblogaroger.eu\/#website"},"primaryImageOfPage":{"@id":"https:\/\/leblogaroger.eu\/index.php\/vie-privee-contenu\/#primaryimage"},"image":{"@id":"https:\/\/leblogaroger.eu\/index.php\/vie-privee-contenu\/#primaryimage"},"thumbnailUrl":"https:\/\/leblogaroger.eu\/wp-content\/uploads\/2018\/07\/content.png","datePublished":"2018-07-26T11:44:05+00:00","dateModified":"2023-10-04T12:14:03+00:00","breadcrumb":{"@id":"https:\/\/leblogaroger.eu\/index.php\/vie-privee-contenu\/#breadcrumb"},"inLanguage":"fr-FR","potentialAction":[{"@type":"ReadAction","target":["https:\/\/leblogaroger.eu\/index.php\/vie-privee-contenu\/"]}]},{"@type":"ImageObject","inLanguage":"fr-FR","@id":"https:\/\/leblogaroger.eu\/index.php\/vie-privee-contenu\/#primaryimage","url":"https:\/\/leblogaroger.eu\/wp-content\/uploads\/2018\/07\/content.png","contentUrl":"https:\/\/leblogaroger.eu\/wp-content\/uploads\/2018\/07\/content.png","width":3625,"height":2042},{"@type":"BreadcrumbList","@id":"https:\/\/leblogaroger.eu\/index.php\/vie-privee-contenu\/#breadcrumb","itemListElement":[{"@type":"ListItem","position":1,"name":"Home","item":"https:\/\/leblogaroger.eu\/"},{"@type":"ListItem","position":2,"name":"Vie priv\u00e9e &#038; Contenu"}]},{"@type":"WebSite","@id":"https:\/\/leblogaroger.eu\/#website","url":"https:\/\/leblogaroger.eu\/","name":"","description":"Mundi placet et spiritus minima...","potentialAction":[{"@type":"SearchAction","target":{"@type":"EntryPoint","urlTemplate":"https:\/\/leblogaroger.eu\/?s={search_term_string}"},"query-input":{"@type":"PropertyValueSpecification","valueRequired":true,"valueName":"search_term_string"}}],"inLanguage":"fr-FR"}]}},"_links":{"self":[{"href":"https:\/\/leblogaroger.eu\/index.php\/wp-json\/wp\/v2\/pages\/2291","targetHints":{"allow":["GET"]}}],"collection":[{"href":"https:\/\/leblogaroger.eu\/index.php\/wp-json\/wp\/v2\/pages"}],"about":[{"href":"https:\/\/leblogaroger.eu\/index.php\/wp-json\/wp\/v2\/types\/page"}],"author":[{"embeddable":true,"href":"https:\/\/leblogaroger.eu\/index.php\/wp-json\/wp\/v2\/users\/1"}],"replies":[{"embeddable":true,"href":"https:\/\/leblogaroger.eu\/index.php\/wp-json\/wp\/v2\/comments?post=2291"}],"version-history":[{"count":5,"href":"https:\/\/leblogaroger.eu\/index.php\/wp-json\/wp\/v2\/pages\/2291\/revisions"}],"predecessor-version":[{"id":6083,"href":"https:\/\/leblogaroger.eu\/index.php\/wp-json\/wp\/v2\/pages\/2291\/revisions\/6083"}],"wp:featuredmedia":[{"embeddable":true,"href":"https:\/\/leblogaroger.eu\/index.php\/wp-json\/wp\/v2\/media\/2292"}],"wp:attachment":[{"href":"https:\/\/leblogaroger.eu\/index.php\/wp-json\/wp\/v2\/media?parent=2291"}],"curies":[{"name":"wp","href":"https:\/\/api.w.org\/{rel}","templated":true}]}}