{"id":22399,"date":"2024-12-21T19:21:13","date_gmt":"2024-12-21T18:21:13","guid":{"rendered":"https:\/\/leblogaroger.eu\/?page_id=22399"},"modified":"2025-01-17T11:04:08","modified_gmt":"2025-01-17T10:04:08","slug":"hall-of-fame","status":"publish","type":"page","link":"https:\/\/leblogaroger.eu\/index.php\/hall-of-fame\/","title":{"rendered":"Hall Of Fame"},"content":{"rendered":"\n<p class=\"wp-block-paragraph\">Petite page sympa qui vous permet de vous balader dans les articles o\u00f9 l&rsquo;on trouverait des spiritueux ayant re\u00e7u une des notes ci dessous&#8230; Pour ce qui est de la compr\u00e9hension de l&rsquo;\u00e9ch\u00e8le de notation, tout est expliqu\u00e9 <a href=\"https:\/\/leblogaroger.eu\/index.php\/echelle-de-notation\/\" target=\"_blank\" rel=\"noreferrer noopener\">ici<\/a>.<\/p>\n\n\n\n<p class=\"wp-block-paragraph\">Ca reste un des tous grands d\u00e9bats dans ce genre de blog, trouver deux personnes d&rsquo;accord avec ce genre de syst\u00e8me est aussi difficile que de trouver un rhum jama\u00efcain de 2 ans vieilli en ex f\u00fbt de clairin dans le tableau des 90 \ud83d\ude42<\/p>\n\n\n\n<p class=\"wp-block-paragraph\"><strong>90 et +<\/strong>\u00a0: exceptionnel et unique, must have !<\/p>\n\n\n\n<figure class=\"wp-block-table is-style-stripes\"><table class=\"has-fixed-layout\"><tbody><tr><td class=\"has-text-align-center\" data-align=\"center\"><a href=\"https:\/\/leblogaroger.eu\/?s=95%2F100\">95\/100<\/a><\/td><td class=\"has-text-align-center\" data-align=\"center\"><a href=\"https:\/\/leblogaroger.eu\/?s=94%2F100\">94\/100<\/a><\/td><td class=\"has-text-align-center\" data-align=\"center\"><a href=\"https:\/\/leblogaroger.eu\/?s=93%2F100\">93\/100<\/a><\/td><td class=\"has-text-align-center\" data-align=\"center\"><a href=\"https:\/\/leblogaroger.eu\/?s=92%2F100\">92\/100<\/a><\/td><\/tr><tr><td class=\"has-text-align-center\" data-align=\"center\"><\/td><td class=\"has-text-align-center\" data-align=\"center\"><a href=\"https:\/\/leblogaroger.eu\/?s=91%2F100\">91\/100<\/a><\/td><td class=\"has-text-align-center\" data-align=\"center\"><a href=\"https:\/\/leblogaroger.eu\/?s=90%2F100\">90\/100<\/a><\/td><td class=\"has-text-align-center\" data-align=\"center\"><\/td><\/tr><\/tbody><\/table><\/figure>\n\n\n\n<p class=\"wp-block-paragraph\"><strong>85 \u2013 89<\/strong>\u00a0: recommand\u00e9.<\/p>\n\n\n\n<figure class=\"wp-block-table is-style-stripes\"><table class=\"has-fixed-layout\"><tbody><tr><td class=\"has-text-align-center\" data-align=\"center\"><a href=\"https:\/\/leblogaroger.eu\/?s=89%2F100\">89\/100<\/a><\/td><td class=\"has-text-align-center\" data-align=\"center\"><a href=\"https:\/\/leblogaroger.eu\/?s=88%2F100\">88\/100<\/a><\/td><td class=\"has-text-align-center\" data-align=\"center\"><a href=\"https:\/\/leblogaroger.eu\/?s=87%2F100\">87\/100<\/a><\/td><td class=\"has-text-align-center\" data-align=\"center\"><a href=\"https:\/\/leblogaroger.eu\/?s=86%2F100\">86\/100<\/a><\/td><\/tr><tr><td class=\"has-text-align-center\" data-align=\"center\"><a href=\"https:\/\/leblogaroger.eu\/?s=85%2F100\">85\/100<\/a><\/td><td class=\"has-text-align-center\" data-align=\"center\"><\/td><td class=\"has-text-align-center\" data-align=\"center\"><\/td><td class=\"has-text-align-center\" data-align=\"center\"><\/td><\/tr><\/tbody><\/table><\/figure>\n\n\n\n<p class=\"wp-block-paragraph\"><strong>75-84<\/strong>\u00a0: mouais, bof bof. Ce n\u2019est pas imbuvable non plus, mais je ne vous recommanderai pas d\u2019en trouver une bouteille\u2026<\/p>\n\n\n\n<figure class=\"wp-block-table is-style-stripes\"><table class=\"has-fixed-layout\"><tbody><tr><td class=\"has-text-align-center\" data-align=\"center\"><a href=\"https:\/\/leblogaroger.eu\/?s=84%2F100\">84\/100<\/a><\/td><td class=\"has-text-align-center\" data-align=\"center\"><a href=\"https:\/\/leblogaroger.eu\/?s=83%2F100\">83\/100<\/a><\/td><td class=\"has-text-align-center\" data-align=\"center\"><a href=\"https:\/\/leblogaroger.eu\/?s=82%2F100\">82\/100<\/a><\/td><td class=\"has-text-align-center\" data-align=\"center\"><a href=\"https:\/\/leblogaroger.eu\/?s=81%2F100\">81\/100<\/a><\/td><\/tr><tr><td class=\"has-text-align-center\" data-align=\"center\"><a href=\"https:\/\/leblogaroger.eu\/?s=80%2F100\">80\/100<\/a><\/td><td class=\"has-text-align-center\" data-align=\"center\"><a href=\"https:\/\/leblogaroger.eu\/?s=79%2F100\">79\/100<\/a><\/td><td class=\"has-text-align-center\" data-align=\"center\"><a href=\"https:\/\/leblogaroger.eu\/?s=78%2F100\">78\/100<\/a><\/td><td class=\"has-text-align-center\" data-align=\"center\"><a href=\"https:\/\/leblogaroger.eu\/?s=77%2F100\">77\/100<\/a><\/td><\/tr><\/tbody><\/table><\/figure>\n","protected":false},"excerpt":{"rendered":"<p>Petite page sympa qui vous permet de vous balader dans les articles o\u00f9 l&rsquo;on trouverait des spiritueux ayant re\u00e7u une des notes ci dessous&#8230; Pour ce qui est de la compr\u00e9hension de l&rsquo;\u00e9ch\u00e8le de notation, tout est expliqu\u00e9 ici. Ca reste un des tous grands d\u00e9bats dans ce genre de <a href=\"https:\/\/leblogaroger.eu\/index.php\/hall-of-fame\/\" class=\"btn btn-link continue-link\">Voir plus&#8230;<\/a><\/p>\n","protected":false},"author":1,"featured_media":22403,"parent":0,"menu_order":0,"comment_status":"closed","ping_status":"closed","template":"","meta":{"_crdt_document":"","footnotes":""},"class_list":["post-22399","page","type-page","status-publish","has-post-thumbnail","hentry"],"yoast_head":"<!-- This site is optimized with the Yoast SEO plugin v27.4 - https:\/\/yoast.com\/product\/yoast-seo-wordpress\/ -->\n<title>Hall Of Fame -<\/title>\n<meta name=\"robots\" content=\"index, follow, max-snippet:-1, max-image-preview:large, max-video-preview:-1\" \/>\n<link rel=\"canonical\" href=\"https:\/\/leblogaroger.eu\/index.php\/hall-of-fame\/\" \/>\n<meta property=\"og:locale\" content=\"fr_FR\" \/>\n<meta property=\"og:type\" content=\"article\" \/>\n<meta property=\"og:title\" content=\"Hall Of Fame -\" \/>\n<meta property=\"og:description\" content=\"Petite page sympa qui vous permet de vous balader dans les articles o\u00f9 l&rsquo;on trouverait des spiritueux ayant re\u00e7u une des notes ci dessous&#8230; Pour ce qui est de la compr\u00e9hension de l&rsquo;\u00e9ch\u00e8le de notation, tout est expliqu\u00e9 ici. Ca reste un des tous grands d\u00e9bats dans ce genre de Voir plus...\" \/>\n<meta property=\"og:url\" content=\"https:\/\/leblogaroger.eu\/index.php\/hall-of-fame\/\" \/>\n<meta property=\"article:publisher\" content=\"https:\/\/www.facebook.com\/leblogaroger\/\" \/>\n<meta property=\"article:modified_time\" content=\"2025-01-17T10:04:08+00:00\" \/>\n<meta property=\"og:image\" content=\"https:\/\/leblogaroger.eu\/wp-content\/uploads\/2024\/12\/math2.png\" \/>\n\t<meta property=\"og:image:width\" content=\"1189\" \/>\n\t<meta property=\"og:image:height\" content=\"670\" \/>\n\t<meta property=\"og:image:type\" content=\"image\/png\" \/>\n<meta name=\"twitter:card\" content=\"summary_large_image\" \/>\n<meta name=\"twitter:label1\" content=\"Dur\u00e9e de lecture estim\u00e9e\" \/>\n\t<meta name=\"twitter:data1\" content=\"1 minute\" \/>\n<script type=\"application\/ld+json\" class=\"yoast-schema-graph\">{\"@context\":\"https:\\\/\\\/schema.org\",\"@graph\":[{\"@type\":\"WebPage\",\"@id\":\"https:\\\/\\\/leblogaroger.eu\\\/index.php\\\/hall-of-fame\\\/\",\"url\":\"https:\\\/\\\/leblogaroger.eu\\\/index.php\\\/hall-of-fame\\\/\",\"name\":\"Hall Of Fame -\",\"isPartOf\":{\"@id\":\"https:\\\/\\\/leblogaroger.eu\\\/#website\"},\"primaryImageOfPage\":{\"@id\":\"https:\\\/\\\/leblogaroger.eu\\\/index.php\\\/hall-of-fame\\\/#primaryimage\"},\"image\":{\"@id\":\"https:\\\/\\\/leblogaroger.eu\\\/index.php\\\/hall-of-fame\\\/#primaryimage\"},\"thumbnailUrl\":\"https:\\\/\\\/leblogaroger.eu\\\/wp-content\\\/uploads\\\/2024\\\/12\\\/math2.png\",\"datePublished\":\"2024-12-21T18:21:13+00:00\",\"dateModified\":\"2025-01-17T10:04:08+00:00\",\"breadcrumb\":{\"@id\":\"https:\\\/\\\/leblogaroger.eu\\\/index.php\\\/hall-of-fame\\\/#breadcrumb\"},\"inLanguage\":\"fr-FR\",\"potentialAction\":[{\"@type\":\"ReadAction\",\"target\":[\"https:\\\/\\\/leblogaroger.eu\\\/index.php\\\/hall-of-fame\\\/\"]}]},{\"@type\":\"ImageObject\",\"inLanguage\":\"fr-FR\",\"@id\":\"https:\\\/\\\/leblogaroger.eu\\\/index.php\\\/hall-of-fame\\\/#primaryimage\",\"url\":\"https:\\\/\\\/leblogaroger.eu\\\/wp-content\\\/uploads\\\/2024\\\/12\\\/math2.png\",\"contentUrl\":\"https:\\\/\\\/leblogaroger.eu\\\/wp-content\\\/uploads\\\/2024\\\/12\\\/math2.png\",\"width\":1189,\"height\":670},{\"@type\":\"BreadcrumbList\",\"@id\":\"https:\\\/\\\/leblogaroger.eu\\\/index.php\\\/hall-of-fame\\\/#breadcrumb\",\"itemListElement\":[{\"@type\":\"ListItem\",\"position\":1,\"name\":\"Home\",\"item\":\"https:\\\/\\\/leblogaroger.eu\\\/\"},{\"@type\":\"ListItem\",\"position\":2,\"name\":\"Hall Of Fame\"}]},{\"@type\":\"WebSite\",\"@id\":\"https:\\\/\\\/leblogaroger.eu\\\/#website\",\"url\":\"https:\\\/\\\/leblogaroger.eu\\\/\",\"name\":\"\",\"description\":\"Mundi placet et spiritus minima...\",\"potentialAction\":[{\"@type\":\"SearchAction\",\"target\":{\"@type\":\"EntryPoint\",\"urlTemplate\":\"https:\\\/\\\/leblogaroger.eu\\\/?s={search_term_string}\"},\"query-input\":{\"@type\":\"PropertyValueSpecification\",\"valueRequired\":true,\"valueName\":\"search_term_string\"}}],\"inLanguage\":\"fr-FR\"}]}<\/script>\n<!-- \/ Yoast SEO plugin. -->","yoast_head_json":{"title":"Hall Of Fame -","robots":{"index":"index","follow":"follow","max-snippet":"max-snippet:-1","max-image-preview":"max-image-preview:large","max-video-preview":"max-video-preview:-1"},"canonical":"https:\/\/leblogaroger.eu\/index.php\/hall-of-fame\/","og_locale":"fr_FR","og_type":"article","og_title":"Hall Of Fame -","og_description":"Petite page sympa qui vous permet de vous balader dans les articles o\u00f9 l&rsquo;on trouverait des spiritueux ayant re\u00e7u une des notes ci dessous&#8230; Pour ce qui est de la compr\u00e9hension de l&rsquo;\u00e9ch\u00e8le de notation, tout est expliqu\u00e9 ici. Ca reste un des tous grands d\u00e9bats dans ce genre de Voir plus...","og_url":"https:\/\/leblogaroger.eu\/index.php\/hall-of-fame\/","article_publisher":"https:\/\/www.facebook.com\/leblogaroger\/","article_modified_time":"2025-01-17T10:04:08+00:00","og_image":[{"width":1189,"height":670,"url":"https:\/\/leblogaroger.eu\/wp-content\/uploads\/2024\/12\/math2.png","type":"image\/png"}],"twitter_card":"summary_large_image","twitter_misc":{"Dur\u00e9e de lecture estim\u00e9e":"1 minute"},"schema":{"@context":"https:\/\/schema.org","@graph":[{"@type":"WebPage","@id":"https:\/\/leblogaroger.eu\/index.php\/hall-of-fame\/","url":"https:\/\/leblogaroger.eu\/index.php\/hall-of-fame\/","name":"Hall Of Fame -","isPartOf":{"@id":"https:\/\/leblogaroger.eu\/#website"},"primaryImageOfPage":{"@id":"https:\/\/leblogaroger.eu\/index.php\/hall-of-fame\/#primaryimage"},"image":{"@id":"https:\/\/leblogaroger.eu\/index.php\/hall-of-fame\/#primaryimage"},"thumbnailUrl":"https:\/\/leblogaroger.eu\/wp-content\/uploads\/2024\/12\/math2.png","datePublished":"2024-12-21T18:21:13+00:00","dateModified":"2025-01-17T10:04:08+00:00","breadcrumb":{"@id":"https:\/\/leblogaroger.eu\/index.php\/hall-of-fame\/#breadcrumb"},"inLanguage":"fr-FR","potentialAction":[{"@type":"ReadAction","target":["https:\/\/leblogaroger.eu\/index.php\/hall-of-fame\/"]}]},{"@type":"ImageObject","inLanguage":"fr-FR","@id":"https:\/\/leblogaroger.eu\/index.php\/hall-of-fame\/#primaryimage","url":"https:\/\/leblogaroger.eu\/wp-content\/uploads\/2024\/12\/math2.png","contentUrl":"https:\/\/leblogaroger.eu\/wp-content\/uploads\/2024\/12\/math2.png","width":1189,"height":670},{"@type":"BreadcrumbList","@id":"https:\/\/leblogaroger.eu\/index.php\/hall-of-fame\/#breadcrumb","itemListElement":[{"@type":"ListItem","position":1,"name":"Home","item":"https:\/\/leblogaroger.eu\/"},{"@type":"ListItem","position":2,"name":"Hall Of Fame"}]},{"@type":"WebSite","@id":"https:\/\/leblogaroger.eu\/#website","url":"https:\/\/leblogaroger.eu\/","name":"","description":"Mundi placet et spiritus minima...","potentialAction":[{"@type":"SearchAction","target":{"@type":"EntryPoint","urlTemplate":"https:\/\/leblogaroger.eu\/?s={search_term_string}"},"query-input":{"@type":"PropertyValueSpecification","valueRequired":true,"valueName":"search_term_string"}}],"inLanguage":"fr-FR"}]}},"_links":{"self":[{"href":"https:\/\/leblogaroger.eu\/index.php\/wp-json\/wp\/v2\/pages\/22399","targetHints":{"allow":["GET"]}}],"collection":[{"href":"https:\/\/leblogaroger.eu\/index.php\/wp-json\/wp\/v2\/pages"}],"about":[{"href":"https:\/\/leblogaroger.eu\/index.php\/wp-json\/wp\/v2\/types\/page"}],"author":[{"embeddable":true,"href":"https:\/\/leblogaroger.eu\/index.php\/wp-json\/wp\/v2\/users\/1"}],"replies":[{"embeddable":true,"href":"https:\/\/leblogaroger.eu\/index.php\/wp-json\/wp\/v2\/comments?post=22399"}],"version-history":[{"count":6,"href":"https:\/\/leblogaroger.eu\/index.php\/wp-json\/wp\/v2\/pages\/22399\/revisions"}],"predecessor-version":[{"id":22699,"href":"https:\/\/leblogaroger.eu\/index.php\/wp-json\/wp\/v2\/pages\/22399\/revisions\/22699"}],"wp:featuredmedia":[{"embeddable":true,"href":"https:\/\/leblogaroger.eu\/index.php\/wp-json\/wp\/v2\/media\/22403"}],"wp:attachment":[{"href":"https:\/\/leblogaroger.eu\/index.php\/wp-json\/wp\/v2\/media?parent=22399"}],"curies":[{"name":"wp","href":"https:\/\/api.w.org\/{rel}","templated":true}]}}